{"id":95329,"date":"2021-03-15T16:59:14","date_gmt":"2021-03-15T15:59:14","guid":{"rendered":"https:\/\/nabytoklaguna.sk\/sk\/?post_type=product&#038;p=95329"},"modified":"2025-10-30T14:42:58","modified_gmt":"2025-10-30T13:42:58","slug":"k-jeff-3-new","status":"publish","type":"product","link":"https:\/\/nabytoklaguna.sk\/sk\/produkt\/k-jeff-3-new\/","title":{"rendered":"K JEFF 3 NEW"},"content":{"rendered":"<p><b>JEFF 3 NEW<\/b>\u00a0je stoli\u010dka, v ktorej spolo\u010dnosti m\u00f4\u017eete hosti\u0165 v\u0161etk\u00fdch va\u0161ich host\u00ed s rados\u0165ou. Je ve\u013emi\u00a0<b>pohodln\u00e1 a stohovate\u013en\u00e1<\/b>, \u010do znamen\u00e1, \u017ee je mo\u017en\u00e9 ulo\u017ei\u0165 viac kusov na seba a jednoducho ich pres\u00fava\u0165. Po\u0165ah je ve\u013emi pr\u00edjemn\u00fd a zabezpe\u010duje pohodln\u00e9 sedenie aj po dlh\u0161ej dobe. Oble\u010den\u00e1 je v\u00a0<b>\u010dervenej l\u00e1tke<\/b>\u00a0zladenej s\u00a0<b>r\u00e1mom so zlat\u00fdm n\u00e1terom<\/b>. Ur\u010dite ocen\u00edte aj\u00a0<b>nosnos\u0165 stoli\u010dky<\/b>, ktor\u00e1 dosahuje a\u017e\u00a0<b>130 kg<\/b>.<\/p>\n<div class=\"text\">\n<ul>\n<li><b>Materi\u00e1l \u010dal\u00fanenie:<\/b>\u00a0l\u00e1tka<\/li>\n<li><b>Materi\u00e1l nohy:<\/b>\u00a0kov<\/li>\n<li><b>Farba nohy:<\/b>\u00a0zlat\u00fd r\u00e1m<\/li>\n<li><b>Rozmery (\u0160xHxV):<\/b>\u00a045,5&#215;56,5&#215;93 cm<\/li>\n<li><b>V\u00fd\u0161ka sedu :<\/b>\u00a044,5 cm<\/li>\n<li><b>H\u013abka sedu :<\/b>\u00a040,5 cm<\/li>\n<li><b>\u0160\u00edrka sedu :<\/b>\u00a039 cm<\/li>\n<li><b>\u0160\u00edrka chrbtovej opierky :<\/b>\u00a040 cm<\/li>\n<li><b>V\u00fd\u0161ka chrbtovej opierky :<\/b>\u00a051 cm<\/li>\n<li><b>Nosnos\u0165:<\/b>\u00a0120 kg<\/li>\n<li>Stohovate\u013en\u00e1<\/li>\n<li>Dod\u00e1van\u00e1 v monte<\/li>\n<\/ul>\n<\/div>\n","protected":false},"excerpt":{"rendered":"<p>JEFF 3 NEW\u00a0je stoli\u010dka, v ktorej spolo\u010dnosti m\u00f4\u017eete hosti\u0165 v\u0161etk\u00fdch va\u0161ich host\u00ed s rados\u0165ou. Je ve\u013emi\u00a0pohodln\u00e1 a stohovate\u013en\u00e1, \u010do znamen\u00e1, \u017ee je mo\u017en\u00e9 ulo\u017ei\u0165 viac kusov na seba a jednoducho ich pres\u00fava\u0165. Po\u0165ah je ve\u013emi pr\u00edjemn\u00fd a zabezpe\u010duje pohodln\u00e9 sedenie aj po dlh\u0161ej dobe. Oble\u010den\u00e1 je v\u00a0\u010dervenej l\u00e1tke\u00a0zladenej s\u00a0r\u00e1mom so zlat\u00fdm n\u00e1terom. Ur\u010dite ocen\u00edte aj\u00a0nosnos\u0165&#8230;<\/p>\n","protected":false},"featured_media":95331,"comment_status":"closed","ping_status":"closed","template":"","meta":{"_seopress_robots_primary_cat":"none","_seopress_titles_title":"","_seopress_titles_desc":"","_seopress_robots_index":""},"product_brand":[],"product_cat":[240],"product_tag":[],"class_list":{"0":"post-95329","1":"product","2":"type-product","3":"status-publish","4":"has-post-thumbnail","6":"product_cat-konferencne-stolicky","7":"pa_farba-cervenazlata","8":"pa_farba-ciernasiva","9":"pa_farba-modrasiva","11":"first","12":"onbackorder","13":"shipping-taxable","14":"purchasable","15":"product-type-variable"},"_links":{"self":[{"href":"https:\/\/nabytoklaguna.sk\/sk\/wp-json\/wp\/v2\/product\/95329","targetHints":{"allow":["GET"]}}],"collection":[{"href":"https:\/\/nabytoklaguna.sk\/sk\/wp-json\/wp\/v2\/product"}],"about":[{"href":"https:\/\/nabytoklaguna.sk\/sk\/wp-json\/wp\/v2\/types\/product"}],"replies":[{"embeddable":true,"href":"https:\/\/nabytoklaguna.sk\/sk\/wp-json\/wp\/v2\/comments?post=95329"}],"wp:featuredmedia":[{"embeddable":true,"href":"https:\/\/nabytoklaguna.sk\/sk\/wp-json\/wp\/v2\/media\/95331"}],"wp:attachment":[{"href":"https:\/\/nabytoklaguna.sk\/sk\/wp-json\/wp\/v2\/media?parent=95329"}],"wp:term":[{"taxonomy":"product_brand","embeddable":true,"href":"https:\/\/nabytoklaguna.sk\/sk\/wp-json\/wp\/v2\/product_brand?post=95329"},{"taxonomy":"product_cat","embeddable":true,"href":"https:\/\/nabytoklaguna.sk\/sk\/wp-json\/wp\/v2\/product_cat?post=95329"},{"taxonomy":"product_tag","embeddable":true,"href":"https:\/\/nabytoklaguna.sk\/sk\/wp-json\/wp\/v2\/product_tag?post=95329"}],"curies":[{"name":"wp","href":"https:\/\/api.w.org\/{rel}","templated":true}]}}