{"id":96254,"date":"2021-03-26T13:53:22","date_gmt":"2021-03-26T12:53:22","guid":{"rendered":"https:\/\/nabytoklaguna.sk\/sk\/?post_type=product&#038;p=96254"},"modified":"2025-01-21T11:23:29","modified_gmt":"2025-01-21T10:23:29","slug":"adrk-zostava-7-rodos","status":"publish","type":"product","link":"https:\/\/nabytoklaguna.sk\/sk\/produkt\/adrk-zostava-7-rodos\/","title":{"rendered":"ADRK set Rodos 7"},"content":{"rendered":"<p>Luxusn\u00fd jed\u00e1lensk\u00fd set stola\u00a0 S4 a 6 stoli\u010diek K16 v troch farebn\u00fdch prevedeniach: lefkas, orech a sonoma.<\/p>\n<p>Jed\u00e1lensk\u00fd st\u00f4l S4 stoj\u00ed na pevnej bukovej podno\u017ei, stolov\u00fd pl\u00e1t z MDF dosky.<\/p>\n<p>Rozmery stolov\u00e9ho pl\u00e1tu: 140 cm x 80 cm + vkladacia doska 40 cm (140 + 40 cm \u00d7 80 cm). St\u00f4l dod\u00e1van\u00fd v demonte.<\/p>\n<p>Jed\u00e1lensk\u00e1 stoli\u010dka K16 vyroben\u00e1 z bukov\u00e9ho mas\u00edvu v prevedeniach:<\/p>\n<ul>\n<li>lefkas \/ Paros 2 b\u00e9\u017eov\u00e1<\/li>\n<li>orech \/ Paros 2 b\u00e9\u017eov\u00e1<\/li>\n<li>sonoma \/ Kronos 7 \u010dierna<\/li>\n<\/ul>\n<p>Rozmery: celkov\u00e1 v\u00fd\u0161ka 97 cm, \u0161\u00edrka sedu 42 cm, v\u00fd\u0161ka sedu 44 cm. Stoli\u010dky dod\u00e1van\u00e9 zmontovan\u00e9.<\/p>\n<p>Mo\u017enos\u0165 objedna\u0165 aj set stola S4 a 4 stoli\u010diek K16<\/p>\n","protected":false},"excerpt":{"rendered":"<p>Luxusn\u00fd jed\u00e1lensk\u00fd set stola\u00a0 S4 a 6 stoli\u010diek K16 v troch farebn\u00fdch prevedeniach: lefkas, orech a sonoma. Jed\u00e1lensk\u00fd st\u00f4l S4 stoj\u00ed na pevnej bukovej podno\u017ei, stolov\u00fd pl\u00e1t z MDF dosky. Rozmery stolov\u00e9ho pl\u00e1tu: 140 cm x 80 cm + vkladacia doska 40 cm (140 + 40 cm \u00d7 80 cm). St\u00f4l dod\u00e1van\u00fd v demonte. Jed\u00e1lensk\u00e1&#8230;<\/p>\n","protected":false},"featured_media":96250,"comment_status":"closed","ping_status":"closed","template":"","meta":{"_seopress_robots_primary_cat":"none","_seopress_titles_title":"","_seopress_titles_desc":"","_seopress_robots_index":""},"product_brand":[],"product_cat":[246],"product_tag":[],"class_list":{"0":"post-96254","1":"product","2":"type-product","3":"status-publish","4":"has-post-thumbnail","6":"product_cat-jedalenske-sety","8":"first","9":"onbackorder","10":"shipping-taxable","11":"purchasable","12":"product-type-variable"},"_links":{"self":[{"href":"https:\/\/nabytoklaguna.sk\/sk\/wp-json\/wp\/v2\/product\/96254","targetHints":{"allow":["GET"]}}],"collection":[{"href":"https:\/\/nabytoklaguna.sk\/sk\/wp-json\/wp\/v2\/product"}],"about":[{"href":"https:\/\/nabytoklaguna.sk\/sk\/wp-json\/wp\/v2\/types\/product"}],"replies":[{"embeddable":true,"href":"https:\/\/nabytoklaguna.sk\/sk\/wp-json\/wp\/v2\/comments?post=96254"}],"wp:featuredmedia":[{"embeddable":true,"href":"https:\/\/nabytoklaguna.sk\/sk\/wp-json\/wp\/v2\/media\/96250"}],"wp:attachment":[{"href":"https:\/\/nabytoklaguna.sk\/sk\/wp-json\/wp\/v2\/media?parent=96254"}],"wp:term":[{"taxonomy":"product_brand","embeddable":true,"href":"https:\/\/nabytoklaguna.sk\/sk\/wp-json\/wp\/v2\/product_brand?post=96254"},{"taxonomy":"product_cat","embeddable":true,"href":"https:\/\/nabytoklaguna.sk\/sk\/wp-json\/wp\/v2\/product_cat?post=96254"},{"taxonomy":"product_tag","embeddable":true,"href":"https:\/\/nabytoklaguna.sk\/sk\/wp-json\/wp\/v2\/product_tag?post=96254"}],"curies":[{"name":"wp","href":"https:\/\/api.w.org\/{rel}","templated":true}]}}