{"id":96285,"date":"2021-06-29T12:45:08","date_gmt":"2021-06-29T10:45:08","guid":{"rendered":"https:\/\/nabytoklaguna.sk\/sk\/?post_type=product&#038;p=96285"},"modified":"2025-12-17T10:52:59","modified_gmt":"2025-12-17T09:52:59","slug":"lester-sedacia-suprava","status":"publish","type":"product","link":"https:\/\/nabytoklaguna.sk\/sk\/produkt\/lester-sedacia-suprava\/","title":{"rendered":"LESTER sedacia s\u00faprava"},"content":{"rendered":"<p>Zaria\u010fujete byt alebo dom? A e\u0161te nem\u00e1te vybran\u00fa <strong>sedaciu s\u00fapravu.<\/strong> U\u017e neh\u013eadajte! M\u00e1me pre V\u00e1s<strong> novinku na trhu<\/strong>. Sedacia s\u00faprava <strong>LESTER<\/strong> je <strong>luxusn\u00e1 sedacia s\u00faprava<\/strong>, ktor\u00e1 je vhodn\u00e1 do ak\u00e9hoko\u013evek modern\u00e9ho interi\u00e9ru. Pohodlie , kvalitn\u00e9 pou\u017eit\u00e9 <strong>materi\u00e1ly<\/strong>, modern\u00fd <strong>dizajn<\/strong> a samozrejme <strong>funk\u010dnos\u0165<\/strong>-t\u00fdmito slovami m\u00f4\u017eeme sedaciu s\u00fapravu op\u00edsa\u0165. Pohodlne sa oprite a odd\u00fdchnite si po n\u00e1ro\u010dnom dni. <strong>Polohovate\u013en\u00e9<\/strong> z\u00e1hlavn\u00edky zv\u00fd\u0161ia <strong>komfort sedenia<\/strong>. zabezpe\u010dia komfortn\u00fa oporu hlavy a kr\u010dnej chrbtice. Seda\u010dka poskytuje<strong> \u00falo\u017en\u00fd priestor<\/strong>, ktor\u00fd n\u00e1jde vo va\u0161ej dom\u00e1cnosti v\u0161estrann\u00e9 vyu\u017eitie. Samozrejmos\u0165ou je <strong>funkcia rozkladu<\/strong>, v\u010faka ktorej za p\u00e1r sek\u00fand premen\u00edte sedaciu s\u00fapravu na plochu pre pr\u00edle\u017eitostn\u00e9 spranie. Seda\u010dku podopieraj\u00fa<strong> modern\u00e9 no\u017ei\u010dky<\/strong>. V\u00fdhodou <strong>modernej sedacej s\u00fapravy<\/strong>\u00a0\u00a0je mo\u017enos\u0165 v\u00fdberu farebn\u00e9ho a materi\u00e1lov\u00e9ho prevedenia. Klient m\u00e1 tak mo\u017enos\u0165 vytvori\u0165 si sedaciu s\u00fapravu pod\u013ea vlastn\u00fdch po\u017eiadavok a predst\u00e1v. <strong>LESTER<\/strong> pon\u00faka ve\u013emi pohodln\u00e9 sedenie a to v\u010faka <strong>Hr pene a Pur pene<\/strong> v kombin\u00e1ci\u00ed s kvalitnou<strong> vlnitou pru\u017einou<\/strong>. Sedacia s\u00faprava pon\u00faka<strong> stredne tvrd\u00e9 sedenie<\/strong>. Sedaciu s\u00fapravu V\u00e1m pon\u00fakame za zv\u00fdhodnen\u00fa cenu v sivej vodeodolnej po\u0165ahovej l\u00e1tke v \u013eavom preveden\u00ed.<\/p>\n<h3><\/h3>\n<p><strong>Vlastnosti produktu:<\/strong><\/p>\n<table>\n<tbody>\n<tr>\n<td><\/td>\n<td><\/td>\n<td><\/td>\n<\/tr>\n<\/tbody>\n<\/table>\n<table class=\"table-data-sheet\">\n<tbody>\n<tr class=\"odd\">\n<td>H\u013abka<\/td>\n<td>205 cm<\/td>\n<\/tr>\n<tr class=\"even\">\n<td>\u0160\u00edrka<\/td>\n<td>275\u00a0 cm<\/td>\n<\/tr>\n<tr class=\"odd\">\n<td>V\u00fd\u0161ka<\/td>\n<td>69- 98 cm<\/td>\n<\/tr>\n<tr class=\"even\">\n<td>Vhodn\u00e1 miestnos\u0165<\/td>\n<td>ob\u00fdva\u010dka, spolo\u010densk\u00e1 miestnos\u0165, hotely, kaviarne<\/td>\n<\/tr>\n<tr class=\"odd\">\n<td>Typ n\u00e1bytku<\/td>\n<td>rohov\u00e1 sedacia s\u00faprava<\/td>\n<\/tr>\n<tr class=\"even\">\n<td>\u0160t\u00fdl n\u00e1bytku<\/td>\n<td>modern\u00fd<\/td>\n<\/tr>\n<tr class=\"odd\">\n<td>Z\u00e1ruka<\/td>\n<td>2 roky<\/td>\n<\/tr>\n<tr class=\"even\">\n<td>Sp\u00f4sob dodania<\/td>\n<td>demont v dvoch bal\u00edkoch<\/td>\n<\/tr>\n<tr class=\"odd\">\n<td>Hmotnos\u0165<\/td>\n<td>155 kg<\/td>\n<\/tr>\n<tr class=\"even\">\n<td>\u00dalo\u017en\u00fd priestor<\/td>\n<td>\u00e1no<\/td>\n<\/tr>\n<tr class=\"odd\">\n<td>Rohov\u00e9 prevedenie<\/td>\n<td>\u00e1no<\/td>\n<\/tr>\n<tr class=\"even\">\n<td>V\u00fd\u0161ka sed\u00e1ka<\/td>\n<td>45 cm<\/td>\n<\/tr>\n<tr class=\"odd\">\n<td>V\u00fd\u0161ka zadn\u00e9ho \u010dela<\/td>\n<td>69 cm-max. 98 cm<\/td>\n<\/tr>\n<tr class=\"even\">\n<td>Mo\u017enos\u0165 rozkladania<\/td>\n<td>\u00e1no<\/td>\n<\/tr>\n<tr class=\"odd\">\n<td>Plocha po rozlo\u017een\u00ed<\/td>\n<td>125\u00d7210 cm<\/td>\n<\/tr>\n<tr class=\"even\">\n<td>Kon\u0161trukcia<\/td>\n<td>DTD<\/td>\n<\/tr>\n<tr class=\"odd\">\n<td>N\u00f4\u017eky<\/td>\n<td>chr\u00f3m<\/td>\n<\/tr>\n<tr class=\"even\">\n<td>Obsahuje vank\u00fa\u0161e<\/td>\n<td>nie<\/td>\n<\/tr>\n<tr class=\"odd\">\n<td>Nastavenie opierok<\/td>\n<td>\u00e1no<\/td>\n<\/tr>\n<tr class=\"even\">\n<td>V\u00fdpl\u0148 seda\u010dky<\/td>\n<td>hr pena+pur pena+ vlnit\u00e1 pru\u017eina<\/td>\n<\/tr>\n<\/tbody>\n<\/table>\n<p><strong>\u00a0<\/strong>Nastavenie displeja m\u00f4\u017ee sp\u00f4sobi\u0165 odch\u00fdlku vo farbe vzoriek po\u0165ahov\u00fdch l\u00e1tok.<\/p>\n","protected":false},"excerpt":{"rendered":"<p>Zaria\u010fujete byt alebo dom? A e\u0161te nem\u00e1te vybran\u00fa sedaciu s\u00fapravu. U\u017e neh\u013eadajte! M\u00e1me pre V\u00e1s novinku na trhu. Sedacia s\u00faprava LESTER je luxusn\u00e1 sedacia s\u00faprava, ktor\u00e1 je vhodn\u00e1 do ak\u00e9hoko\u013evek modern\u00e9ho interi\u00e9ru. Pohodlie , kvalitn\u00e9 pou\u017eit\u00e9 materi\u00e1ly, modern\u00fd dizajn a samozrejme funk\u010dnos\u0165-t\u00fdmito slovami m\u00f4\u017eeme sedaciu s\u00fapravu op\u00edsa\u0165. Pohodlne sa oprite a odd\u00fdchnite si po n\u00e1ro\u010dnom&#8230;<\/p>\n","protected":false},"featured_media":125511,"comment_status":"closed","ping_status":"closed","template":"","meta":{"_seopress_robots_primary_cat":"none","_seopress_titles_title":"","_seopress_titles_desc":"","_seopress_robots_index":""},"product_brand":[],"product_cat":[255,140],"product_tag":[],"class_list":{"0":"post-96285","1":"product","2":"type-product","3":"status-publish","4":"has-post-thumbnail","6":"product_cat-rohove-supravy","7":"product_cat-sedacie-supravy","9":"first","10":"instock","11":"sale","12":"shipping-taxable","13":"purchasable","14":"product-type-simple"},"_links":{"self":[{"href":"https:\/\/nabytoklaguna.sk\/sk\/wp-json\/wp\/v2\/product\/96285","targetHints":{"allow":["GET"]}}],"collection":[{"href":"https:\/\/nabytoklaguna.sk\/sk\/wp-json\/wp\/v2\/product"}],"about":[{"href":"https:\/\/nabytoklaguna.sk\/sk\/wp-json\/wp\/v2\/types\/product"}],"replies":[{"embeddable":true,"href":"https:\/\/nabytoklaguna.sk\/sk\/wp-json\/wp\/v2\/comments?post=96285"}],"wp:featuredmedia":[{"embeddable":true,"href":"https:\/\/nabytoklaguna.sk\/sk\/wp-json\/wp\/v2\/media\/125511"}],"wp:attachment":[{"href":"https:\/\/nabytoklaguna.sk\/sk\/wp-json\/wp\/v2\/media?parent=96285"}],"wp:term":[{"taxonomy":"product_brand","embeddable":true,"href":"https:\/\/nabytoklaguna.sk\/sk\/wp-json\/wp\/v2\/product_brand?post=96285"},{"taxonomy":"product_cat","embeddable":true,"href":"https:\/\/nabytoklaguna.sk\/sk\/wp-json\/wp\/v2\/product_cat?post=96285"},{"taxonomy":"product_tag","embeddable":true,"href":"https:\/\/nabytoklaguna.sk\/sk\/wp-json\/wp\/v2\/product_tag?post=96285"}],"curies":[{"name":"wp","href":"https:\/\/api.w.org\/{rel}","templated":true}]}}