{"id":96512,"date":"2021-03-29T14:12:01","date_gmt":"2021-03-29T12:12:01","guid":{"rendered":"https:\/\/nabytoklaguna.sk\/sk\/?post_type=product&#038;p=96512"},"modified":"2025-01-21T11:49:37","modified_gmt":"2025-01-21T10:49:37","slug":"adrk-stolicka-k67","status":"publish","type":"product","link":"https:\/\/nabytoklaguna.sk\/sk\/produkt\/adrk-stolicka-k67\/","title":{"rendered":"ADRK stoli\u010dka K67"},"content":{"rendered":"<p>\u0160t\u00fdlov\u00e1 kvalitn\u00e1 jed\u00e1lensk\u00e1 stoli\u010dka K67 vyroben\u00e1 z bukov\u00e9ho mas\u00edvu v prevedeniach:<\/p>\n<ul>\n<li>lefkas \/ Paros 2 b\u00e9\u017eov\u00e1<\/li>\n<li>orech \/ Paros 2 b\u00e9\u017eov\u00e1<\/li>\n<li>sonoma \/ Kronos 7 \u010dierna<\/li>\n<\/ul>\n<p>Rozmery: celkov\u00e1 v\u00fd\u0161ka 98 cm, \u0161\u00edrka sed\u00e1ku 43 cm, v\u00fd\u0161ka sedu 44 cm<\/p>\n<p>Dod\u00e1van\u00e9 zmontovan\u00e9<\/p>\n","protected":false},"excerpt":{"rendered":"<p>\u0160t\u00fdlov\u00e1 kvalitn\u00e1 jed\u00e1lensk\u00e1 stoli\u010dka K67 vyroben\u00e1 z bukov\u00e9ho mas\u00edvu v prevedeniach: lefkas \/ Paros 2 b\u00e9\u017eov\u00e1 orech \/ Paros 2 b\u00e9\u017eov\u00e1 sonoma \/ Kronos 7 \u010dierna Rozmery: celkov\u00e1 v\u00fd\u0161ka 98 cm, \u0161\u00edrka sed\u00e1ku 43 cm, v\u00fd\u0161ka sedu 44 cm Dod\u00e1van\u00e9 zmontovan\u00e9<\/p>\n","protected":false},"featured_media":96517,"comment_status":"closed","ping_status":"closed","template":"","meta":{"_seopress_robots_primary_cat":"none","_seopress_titles_title":"","_seopress_titles_desc":"","_seopress_robots_index":""},"product_brand":[],"product_cat":[238,237],"product_tag":[],"class_list":{"0":"post-96512","1":"product","2":"type-product","3":"status-publish","4":"has-post-thumbnail","6":"product_cat-drevene-stolicky","7":"product_cat-stolicky","9":"first","10":"onbackorder","11":"shipping-taxable","12":"purchasable","13":"product-type-variable"},"_links":{"self":[{"href":"https:\/\/nabytoklaguna.sk\/sk\/wp-json\/wp\/v2\/product\/96512","targetHints":{"allow":["GET"]}}],"collection":[{"href":"https:\/\/nabytoklaguna.sk\/sk\/wp-json\/wp\/v2\/product"}],"about":[{"href":"https:\/\/nabytoklaguna.sk\/sk\/wp-json\/wp\/v2\/types\/product"}],"replies":[{"embeddable":true,"href":"https:\/\/nabytoklaguna.sk\/sk\/wp-json\/wp\/v2\/comments?post=96512"}],"wp:featuredmedia":[{"embeddable":true,"href":"https:\/\/nabytoklaguna.sk\/sk\/wp-json\/wp\/v2\/media\/96517"}],"wp:attachment":[{"href":"https:\/\/nabytoklaguna.sk\/sk\/wp-json\/wp\/v2\/media?parent=96512"}],"wp:term":[{"taxonomy":"product_brand","embeddable":true,"href":"https:\/\/nabytoklaguna.sk\/sk\/wp-json\/wp\/v2\/product_brand?post=96512"},{"taxonomy":"product_cat","embeddable":true,"href":"https:\/\/nabytoklaguna.sk\/sk\/wp-json\/wp\/v2\/product_cat?post=96512"},{"taxonomy":"product_tag","embeddable":true,"href":"https:\/\/nabytoklaguna.sk\/sk\/wp-json\/wp\/v2\/product_tag?post=96512"}],"curies":[{"name":"wp","href":"https:\/\/api.w.org\/{rel}","templated":true}]}}