{"id":96782,"date":"2021-04-06T14:14:37","date_gmt":"2021-04-06T12:14:37","guid":{"rendered":"https:\/\/nabytoklaguna.sk\/sk\/?post_type=product&#038;p=96782"},"modified":"2025-01-21T11:27:24","modified_gmt":"2025-01-21T10:27:24","slug":"adrk-set-rodos-53","status":"publish","type":"product","link":"https:\/\/nabytoklaguna.sk\/sk\/produkt\/adrk-set-rodos-53\/","title":{"rendered":"ADRK set Rodos 53"},"content":{"rendered":"<p>\u0160t\u00fdlov\u00fd jed\u00e1lensk\u00fd set stola\u00a0 S4 a 6 stoli\u010diek K1 v troch farebn\u00fdch prevedeniach: lefkas, orech a sonoma. Kvalitn\u00fd rozkladac\u00ed jed\u00e1lensk\u00fd st\u00f4l S4 stoj\u00ed na pevnej bukovej podno\u017ei, stolov\u00fd pl\u00e1t z MDF dosky.<\/p>\n<p>Rozmery stolov\u00e9ho pl\u00e1tu: 140 cm x 80 cm + vkladacia doska 40 cm (140 + 40\u00a0 cm x 80 cm). St\u00f4l dod\u00e1van\u00fd v demonte.<\/p>\n<p>Jed\u00e1lensk\u00e1 stoli\u010dka K1 vyroben\u00e1 z bukov\u00e9ho mas\u00edvu v preveden\u00ed:<\/p>\n<ul>\n<li>lefkas \/ Paros 2 b\u00e9\u017eov\u00e1<\/li>\n<li>orech \/ Paros 2 b\u00e9\u017eov\u00e1<\/li>\n<li>sonoma \/ Kronos 7 \u010dierna<\/li>\n<\/ul>\n<p>Rozmery: celkov\u00e1 v\u00fd\u0161ka 99cm, \u0161\u00edrka sed\u00e1ku 43 cm, v\u00fd\u0161ka sedu 44 cm. Stoli\u010dky dod\u00e1van\u00e9 zmontovan\u00e9.<\/p>\n<p>Mo\u017enos\u0165 objedna\u0165 aj set stola S4 a 4 stoli\u010diek K1<\/p>\n<p>&nbsp;<\/p>\n<p>&nbsp;<\/p>\n","protected":false},"excerpt":{"rendered":"<p>\u0160t\u00fdlov\u00fd jed\u00e1lensk\u00fd set stola\u00a0 S4 a 6 stoli\u010diek K1 v troch farebn\u00fdch prevedeniach: lefkas, orech a sonoma. Kvalitn\u00fd rozkladac\u00ed jed\u00e1lensk\u00fd st\u00f4l S4 stoj\u00ed na pevnej bukovej podno\u017ei, stolov\u00fd pl\u00e1t z MDF dosky. Rozmery stolov\u00e9ho pl\u00e1tu: 140 cm x 80 cm + vkladacia doska 40 cm (140 + 40\u00a0 cm x 80 cm). St\u00f4l dod\u00e1van\u00fd v&#8230;<\/p>\n","protected":false},"featured_media":96790,"comment_status":"closed","ping_status":"closed","template":"","meta":{"_seopress_robots_primary_cat":"none","_seopress_titles_title":"","_seopress_titles_desc":"","_seopress_robots_index":""},"product_brand":[],"product_cat":[246],"product_tag":[],"class_list":{"0":"post-96782","1":"product","2":"type-product","3":"status-publish","4":"has-post-thumbnail","6":"product_cat-jedalenske-sety","8":"first","9":"onbackorder","10":"shipping-taxable","11":"purchasable","12":"product-type-variable"},"_links":{"self":[{"href":"https:\/\/nabytoklaguna.sk\/sk\/wp-json\/wp\/v2\/product\/96782","targetHints":{"allow":["GET"]}}],"collection":[{"href":"https:\/\/nabytoklaguna.sk\/sk\/wp-json\/wp\/v2\/product"}],"about":[{"href":"https:\/\/nabytoklaguna.sk\/sk\/wp-json\/wp\/v2\/types\/product"}],"replies":[{"embeddable":true,"href":"https:\/\/nabytoklaguna.sk\/sk\/wp-json\/wp\/v2\/comments?post=96782"}],"wp:featuredmedia":[{"embeddable":true,"href":"https:\/\/nabytoklaguna.sk\/sk\/wp-json\/wp\/v2\/media\/96790"}],"wp:attachment":[{"href":"https:\/\/nabytoklaguna.sk\/sk\/wp-json\/wp\/v2\/media?parent=96782"}],"wp:term":[{"taxonomy":"product_brand","embeddable":true,"href":"https:\/\/nabytoklaguna.sk\/sk\/wp-json\/wp\/v2\/product_brand?post=96782"},{"taxonomy":"product_cat","embeddable":true,"href":"https:\/\/nabytoklaguna.sk\/sk\/wp-json\/wp\/v2\/product_cat?post=96782"},{"taxonomy":"product_tag","embeddable":true,"href":"https:\/\/nabytoklaguna.sk\/sk\/wp-json\/wp\/v2\/product_tag?post=96782"}],"curies":[{"name":"wp","href":"https:\/\/api.w.org\/{rel}","templated":true}]}}