{"id":9714,"date":"2021-02-22T16:54:36","date_gmt":"2021-02-22T15:54:36","guid":{"rendered":"http:\/\/nabytoklaguna.sk\/sk\/?post_type=product&#038;p=9714"},"modified":"2025-11-18T13:56:26","modified_gmt":"2025-11-18T12:56:26","slug":"k-irma","status":"publish","type":"product","link":"https:\/\/nabytoklaguna.sk\/sk\/produkt\/k-irma\/","title":{"rendered":"K IRMA"},"content":{"rendered":"<p>Skladac\u00ed taburet IRMA. Kon\u0161trukcia je z pevn\u00e9ho kovu v striebornej farbe. \u010cal\u00fanen\u00e9 je v \u010diernej alebo modrej ekoko\u017ei.<\/p>\n<ul>\n<li><b>Materi\u00e1l:<\/b>\u00a0kov\/ekoko\u017ea<\/li>\n<li><b>Farba:<\/b> \u010dierna, modr\u00e1<\/li>\n<li><b>Priemer sedadla:<\/b>\u00a030 cm<\/li>\n<li><b>V\u00fd\u0161ka taburetu:<\/b>\u00a045 cm<\/li>\n<li><b>Nosnos\u0165:<\/b>\u00a080 kg<\/li>\n<li>Skladac\u00ed<\/li>\n<\/ul>\n","protected":false},"excerpt":{"rendered":"<p>Skladac\u00ed taburet IRMA. Kon\u0161trukcia je z pevn\u00e9ho kovu v striebornej farbe. \u010cal\u00fanen\u00e9 je v \u010diernej alebo modrej ekoko\u017ei. Materi\u00e1l:\u00a0kov\/ekoko\u017ea Farba: \u010dierna, modr\u00e1 Priemer sedadla:\u00a030 cm V\u00fd\u0161ka taburetu:\u00a045 cm Nosnos\u0165:\u00a080 kg Skladac\u00ed<\/p>\n","protected":false},"featured_media":9715,"comment_status":"closed","ping_status":"closed","template":"","meta":{"_seopress_robots_primary_cat":"239","_seopress_titles_title":"","_seopress_titles_desc":"","_seopress_robots_index":""},"product_brand":[],"product_cat":[239],"product_tag":[],"class_list":{"0":"post-9714","1":"product","2":"type-product","3":"status-publish","4":"has-post-thumbnail","6":"product_cat-kovove-stolicky","7":"pa_farba-cierna-2","8":"pa_farba-modra","10":"first","11":"onbackorder","12":"shipping-taxable","13":"purchasable","14":"product-type-variable"},"_links":{"self":[{"href":"https:\/\/nabytoklaguna.sk\/sk\/wp-json\/wp\/v2\/product\/9714","targetHints":{"allow":["GET"]}}],"collection":[{"href":"https:\/\/nabytoklaguna.sk\/sk\/wp-json\/wp\/v2\/product"}],"about":[{"href":"https:\/\/nabytoklaguna.sk\/sk\/wp-json\/wp\/v2\/types\/product"}],"replies":[{"embeddable":true,"href":"https:\/\/nabytoklaguna.sk\/sk\/wp-json\/wp\/v2\/comments?post=9714"}],"wp:featuredmedia":[{"embeddable":true,"href":"https:\/\/nabytoklaguna.sk\/sk\/wp-json\/wp\/v2\/media\/9715"}],"wp:attachment":[{"href":"https:\/\/nabytoklaguna.sk\/sk\/wp-json\/wp\/v2\/media?parent=9714"}],"wp:term":[{"taxonomy":"product_brand","embeddable":true,"href":"https:\/\/nabytoklaguna.sk\/sk\/wp-json\/wp\/v2\/product_brand?post=9714"},{"taxonomy":"product_cat","embeddable":true,"href":"https:\/\/nabytoklaguna.sk\/sk\/wp-json\/wp\/v2\/product_cat?post=9714"},{"taxonomy":"product_tag","embeddable":true,"href":"https:\/\/nabytoklaguna.sk\/sk\/wp-json\/wp\/v2\/product_tag?post=9714"}],"curies":[{"name":"wp","href":"https:\/\/api.w.org\/{rel}","templated":true}]}}