{"id":97173,"date":"2021-04-09T13:44:14","date_gmt":"2021-04-09T11:44:14","guid":{"rendered":"https:\/\/nabytoklaguna.sk\/sk\/?post_type=product&#038;p=97173"},"modified":"2025-08-20T14:01:19","modified_gmt":"2025-08-20T12:01:19","slug":"drevona-rea-hoppip","status":"publish","type":"product","link":"https:\/\/nabytoklaguna.sk\/sk\/produkt\/drevona-rea-hoppip\/","title":{"rendered":"DREVONA REA HOPPIP poste\u013e"},"content":{"rendered":"<p><strong>REA HOPPIP <\/strong>je\u00a0<strong>kvalitn\u00e1 jednol\u00f4\u017ekov\u00e1 poste\u013e s mo\u017enos\u0165ou rozlo\u017eenia.<\/strong> Rozklad\u00e1 sa jednoducho vysunut\u00edm pr\u00eddavn\u00e9ho l\u00f4\u017eka a otvoren\u00edm matraca. Po rozlo\u017een\u00ed poskytuje komfortn\u00fa plochu na spanie s rozmerom <strong>179&#215;200 cm.<\/strong>\u00a0Obe\u00a0<strong>l\u00f4\u017eka s\u00fa v rovnakej v\u00fd\u0161ke<\/strong>, tak\u017ee dok\u00e1\u017ee nahradi\u0165 aj man\u017eelsk\u00fa poste\u013e. Pod pr\u00eddavn\u00fdm l\u00f4\u017ekom je praktick\u00fd <strong>\u00falo\u017en\u00fd priestor v podobe dvoch z\u00e1suviek <\/strong>s kvalitn\u00fdm guli\u010dkov\u00fdm plnov\u00fdsuvom, v\u010faka \u010domu je otv\u00e1renie z\u00e1suvky plynul\u00e9 a tich\u00e9. Je vhodn\u00e1 do detsk\u00fdch \u010di \u0161tudentsk\u00fdch izieb. Die\u0165a je v\u010faka \u010del\u00e1m chr\u00e1nen\u00e9 od chladu zo steny a z\u00e1rove\u0148 je stena chr\u00e1nen\u00e1 pred po\u0161koden\u00edm.<\/p>\n<p>Poste\u013e je\u00a0<strong>univerz\u00e1lna<\/strong> &#8211; bo\u010dn\u00e9 \u010delo je mo\u017en\u00e9 zmontova\u0165 na prav\u00fa alebo \u013eav\u00fa stranu postele.<\/p>\n<p>Je dod\u00e1van\u00e1 spolu s\u00a0<strong> ro\u0161tom zo smrekov\u00e9ho mas\u00edvu. <\/strong>Poste\u013e REA HOPPIP odpor\u00fa\u010dame objedna\u0165 spolu s <strong>rozkladac\u00edm matracom Hoppip <\/strong>s rozmerom 89 + 90 x 200 cm. Matrac je 12 cm vysok\u00fd, obojstrann\u00fd , vyroben\u00fd z vysokoelastickej PUR peny. Po\u0165ah Micro je pod\u0161it\u00fd dut\u00fdm polyesterov\u00fdm vl\u00e1knom a je prate\u013en\u00fd.<br \/>\n<strong>\u010cel\u00e1 z\u00e1suviek\u00a0 s\u00fa zahrnut\u00e9 v cene postele.<\/strong><\/p>\n<p>Dostupn\u00e9 farebn\u00e9 prevedenia<strong> \u010diel z\u00e1suviek<\/strong>\u00a0vo v\u00fdpl\u0148ov\u00fdch dez\u00e9noch\u00a0<strong>REA\u00a0<\/strong><strong>\u0160tandard<\/strong>\u00a0alebo<strong>\u00a0UNI color\u00a0 &#8211; potrebn\u00e9 uvies\u0165 pri objedn\u00e1vke v pozn\u00e1mke.<\/strong><\/p>\n<table style=\"width: 100%; height: 637px;\">\n<tbody>\n<tr class=\"odd\" style=\"height: 50px;\">\n<th style=\"height: 50px; width: 17.1075%;\">Prevedenie<\/th>\n<td style=\"height: 50px; width: 82.7161%;\">univerz\u00e1lne L\/P<\/td>\n<\/tr>\n<tr class=\"odd\" style=\"height: 98px;\">\n<th style=\"height: 98px; width: 17.1075%;\">Materi\u00e1l<\/th>\n<td style=\"height: 98px; width: 82.7161%;\">\n<ul>\n<li>nosn\u00e9 \u010dasti: DTD laminovan\u00e1 doska hr\u00fabky 25 mm, 2 mm ABS hrany<\/li>\n<li>ostatn\u00e9 \u010dasti: DTD laminovan\u00e1 doska hr\u00fabky 16 mm, 0,5 mm ABS hrany<\/li>\n<\/ul>\n<\/td>\n<\/tr>\n<tr style=\"height: 218px;\">\n<th style=\"height: 218px; width: 17.1075%;\">Rozmery<\/p>\n<p>\u0161 x h x v<\/th>\n<td style=\"height: 218px; width: 82.7161%;\">\n<ul>\n<li>rozmery v zlo\u017eenom stave: 96 x 205,5 x 90 cm<\/li>\n<li>rozmery po rozlo\u017een\u00ed: 184 x 205,5 x 90 cm<\/li>\n<li>plocha na spanie pred rozlo\u017een\u00edm 90&#215;200 cm<\/li>\n<li>plocha na spanie po rozlo\u017een\u00ed:\u00a0<strong>179&#215;200 cm<\/strong><\/li>\n<li>v\u00fd\u0161ka od zeme po horn\u00fa hranu ro\u0161tu: 40,5 cm<\/li>\n<li>zapustenie matraca od hornej hrany korpusu je 5 cm<\/li>\n<\/ul>\n<\/td>\n<\/tr>\n<tr class=\"odd\" style=\"height: 50px;\">\n<th style=\"height: 50px; width: 17.1075%;\">Typ<\/th>\n<td style=\"height: 50px; width: 82.7161%;\">rozkladacia s \u00falo\u017en\u00fdm priestorom (2x z\u00e1suvka)<\/td>\n<\/tr>\n<tr style=\"height: 122px;\">\n<th style=\"height: 122px; width: 17.1075%;\">Farba<\/th>\n<td style=\"height: 122px; width: 82.7161%;\">\n<ul>\n<li>korpus: biela, dub bardolino, dub canyon,\u00a0 lancelot, orech rockpile, navarra, buk, wenge, graphite<\/li>\n<li>\u010del\u00e1: biela, dub bardolino, dub canyon,\u00a0 lancelot, orech rockpile, navarra, buk, wenge, graphite, rose, plum, ice blue, pow blue, zelen\u00e1, cappuccino<\/li>\n<li>mo\u017enos\u0165 v\u00fdberu farebn\u00fdch \u010dielok z\u00e1suviek<\/li>\n<\/ul>\n<\/td>\n<\/tr>\n<tr class=\"odd\" style=\"height: 49px;\">\n<th style=\"height: 49px; width: 17.1075%;\">Ro\u0161t<\/th>\n<td style=\"height: 49px; width: 82.7161%;\">mas\u00edvny smrekov\u00fd<\/td>\n<\/tr>\n<tr>\n<th style=\"width: 17.1075%;\">Matrac Hoppip<\/p>\n<p><img decoding=\"async\" src=\"https:\/\/nabytoklaguna.sk\/sk\/wp-content\/uploads\/2021\/04\/matrac-hop.jpg\" \/><\/th>\n<td style=\"width: 82.7161%;\"><strong>Rozkladac\u00ed matrac Hoppip <\/strong>s rozmerom 89 + 90 x 200 cm je vyroben\u00fa na mieru k posteli HOPPIP. Matrac je 12 cm vysok\u00fd, obojstrann\u00fd , vyroben\u00fd z vysokoelastickej PUR peny. Po\u0165ah Micro je pod\u0161it\u00fd dut\u00fdm polyesterov\u00fdm vl\u00e1knom a je prate\u013en\u00fd na 40 \u00b0C.<\/td>\n<\/tr>\n<\/tbody>\n<\/table>\n","protected":false},"excerpt":{"rendered":"<p>REA HOPPIP je\u00a0kvalitn\u00e1 jednol\u00f4\u017ekov\u00e1 poste\u013e s mo\u017enos\u0165ou rozlo\u017eenia. Rozklad\u00e1 sa jednoducho vysunut\u00edm pr\u00eddavn\u00e9ho l\u00f4\u017eka a otvoren\u00edm matraca. Po rozlo\u017een\u00ed poskytuje komfortn\u00fa plochu na spanie s rozmerom 179&#215;200 cm.\u00a0Obe\u00a0l\u00f4\u017eka s\u00fa v rovnakej v\u00fd\u0161ke, tak\u017ee dok\u00e1\u017ee nahradi\u0165 aj man\u017eelsk\u00fa poste\u013e. Pod pr\u00eddavn\u00fdm l\u00f4\u017ekom je praktick\u00fd \u00falo\u017en\u00fd priestor v podobe dvoch z\u00e1suviek s kvalitn\u00fdm guli\u010dkov\u00fdm plnov\u00fdsuvom, v\u010faka \u010domu&#8230;<\/p>\n","protected":false},"featured_media":97191,"comment_status":"closed","ping_status":"closed","template":"","meta":{"_seopress_robots_primary_cat":"none","_seopress_titles_title":"","_seopress_titles_desc":"","_seopress_robots_index":""},"product_brand":[],"product_cat":[234,219],"product_tag":[],"class_list":{"0":"post-97173","1":"product","2":"type-product","3":"status-publish","4":"has-post-thumbnail","6":"product_cat-detske-postele","7":"product_cat-pohovky","8":"pa_farba-biela","9":"pa_farba-buk","10":"pa_farba-cashmere","11":"pa_farba-dub-bardolino","12":"pa_farba-dub-canyon","13":"pa_farba-graphite","14":"pa_farba-lancelot","15":"pa_farba-orech-rockpile","16":"pa_farba-vicenza","17":"pa_typ-produktu-s-matracom-hoppip","18":"pa_typ-produktu-s-rostom-bez-matraca-2","20":"first","21":"instock","22":"shipping-taxable","23":"purchasable","24":"product-type-variable"},"_links":{"self":[{"href":"https:\/\/nabytoklaguna.sk\/sk\/wp-json\/wp\/v2\/product\/97173","targetHints":{"allow":["GET"]}}],"collection":[{"href":"https:\/\/nabytoklaguna.sk\/sk\/wp-json\/wp\/v2\/product"}],"about":[{"href":"https:\/\/nabytoklaguna.sk\/sk\/wp-json\/wp\/v2\/types\/product"}],"replies":[{"embeddable":true,"href":"https:\/\/nabytoklaguna.sk\/sk\/wp-json\/wp\/v2\/comments?post=97173"}],"wp:featuredmedia":[{"embeddable":true,"href":"https:\/\/nabytoklaguna.sk\/sk\/wp-json\/wp\/v2\/media\/97191"}],"wp:attachment":[{"href":"https:\/\/nabytoklaguna.sk\/sk\/wp-json\/wp\/v2\/media?parent=97173"}],"wp:term":[{"taxonomy":"product_brand","embeddable":true,"href":"https:\/\/nabytoklaguna.sk\/sk\/wp-json\/wp\/v2\/product_brand?post=97173"},{"taxonomy":"product_cat","embeddable":true,"href":"https:\/\/nabytoklaguna.sk\/sk\/wp-json\/wp\/v2\/product_cat?post=97173"},{"taxonomy":"product_tag","embeddable":true,"href":"https:\/\/nabytoklaguna.sk\/sk\/wp-json\/wp\/v2\/product_tag?post=97173"}],"curies":[{"name":"wp","href":"https:\/\/api.w.org\/{rel}","templated":true}]}}