{"id":9744,"date":"2021-02-22T16:54:36","date_gmt":"2021-02-22T15:54:36","guid":{"rendered":"http:\/\/nabytoklaguna.sk\/sk\/?post_type=product&#038;p=9744"},"modified":"2026-02-19T13:23:07","modified_gmt":"2026-02-19T12:23:07","slug":"rea-amy-16","status":"publish","type":"product","link":"https:\/\/nabytoklaguna.sk\/sk\/produkt\/rea-amy-16\/","title":{"rendered":"DREVONA REA AMY 16"},"content":{"rendered":"<p>Kvalitn\u00e1 komoda, 2xkontajner. Mo\u017enos\u0165 v\u00fdberu farebn\u00e9ho prevedenia pod\u013ea ponuky. Slovensk\u00fd v\u00fdrobok.<\/p>\n<p>Rozmery: \u0161xvxh: 45x90x40 cm.<\/p>\n","protected":false},"excerpt":{"rendered":"<p><img loading=\"lazy\" decoding=\"async\" class=\"alignnone size-full wp-image-9745\" src=\"http:\/\/nabytoklaguna.sk\/sk\/wp-content\/uploads\/2017\/02\/slovensk\u00fd-znak-3.png\" alt=\"\" width=\"126\" height=\"126\" srcset=\"https:\/\/nabytoklaguna.sk\/sk\/wp-content\/uploads\/2017\/02\/slovensk\u00fd-znak-3.png 126w, https:\/\/nabytoklaguna.sk\/sk\/wp-content\/uploads\/2017\/02\/slovensk\u00fd-znak-3-100x100.png 100w\" sizes=\"auto, (max-width: 126px) 100vw, 126px\" \/><\/p>\n","protected":false},"featured_media":9758,"comment_status":"closed","ping_status":"closed","template":"","meta":{"_seopress_robots_primary_cat":"2110","_seopress_titles_title":"","_seopress_titles_desc":"","_seopress_robots_index":""},"product_brand":[],"product_cat":[222],"product_tag":[],"class_list":{"0":"post-9744","1":"product","2":"type-product","3":"status-publish","4":"has-post-thumbnail","6":"product_cat-komody","7":"pa_farba-biela","8":"pa_farba-buk","9":"pa_farba-dub-bardolino","10":"pa_farba-dub-canyon","11":"pa_farba-navarra","12":"pa_farba-orech-rockpile","13":"pa_farba-venge","15":"first","16":"onbackorder","17":"shipping-taxable","18":"purchasable","19":"product-type-variable"},"_links":{"self":[{"href":"https:\/\/nabytoklaguna.sk\/sk\/wp-json\/wp\/v2\/product\/9744","targetHints":{"allow":["GET"]}}],"collection":[{"href":"https:\/\/nabytoklaguna.sk\/sk\/wp-json\/wp\/v2\/product"}],"about":[{"href":"https:\/\/nabytoklaguna.sk\/sk\/wp-json\/wp\/v2\/types\/product"}],"replies":[{"embeddable":true,"href":"https:\/\/nabytoklaguna.sk\/sk\/wp-json\/wp\/v2\/comments?post=9744"}],"wp:featuredmedia":[{"embeddable":true,"href":"https:\/\/nabytoklaguna.sk\/sk\/wp-json\/wp\/v2\/media\/9758"}],"wp:attachment":[{"href":"https:\/\/nabytoklaguna.sk\/sk\/wp-json\/wp\/v2\/media?parent=9744"}],"wp:term":[{"taxonomy":"product_brand","embeddable":true,"href":"https:\/\/nabytoklaguna.sk\/sk\/wp-json\/wp\/v2\/product_brand?post=9744"},{"taxonomy":"product_cat","embeddable":true,"href":"https:\/\/nabytoklaguna.sk\/sk\/wp-json\/wp\/v2\/product_cat?post=9744"},{"taxonomy":"product_tag","embeddable":true,"href":"https:\/\/nabytoklaguna.sk\/sk\/wp-json\/wp\/v2\/product_tag?post=9744"}],"curies":[{"name":"wp","href":"https:\/\/api.w.org\/{rel}","templated":true}]}}