{"id":97628,"date":"2021-04-14T10:37:16","date_gmt":"2021-04-14T08:37:16","guid":{"rendered":"https:\/\/nabytoklaguna.sk\/sk\/?post_type=product&#038;p=97628"},"modified":"2025-11-11T12:05:52","modified_gmt":"2025-11-11T11:05:52","slug":"dcl-411","status":"publish","type":"product","link":"https:\/\/nabytoklaguna.sk\/sk\/produkt\/dcl-411\/","title":{"rendered":"DCL-411"},"content":{"rendered":"<p>Jednoduch\u00e1, elegantn\u00e1 stoli\u010dka vhodn\u00e1 do ka\u017ed\u00e9ho interi\u00e9ru. Pon\u00faka mo\u017enos\u0165 sa na nej pohupova\u0165, \u010do sedenie na nej rob\u00ed jedine\u010dn\u00fdm a upokojuj\u00facim. Pochromovan\u00e1 kovov\u00e1 podno\u017e dod\u00e1va v\u00fdborn\u00fa stabilitu a vrchn\u00e1 \u010das\u0165 pokryt\u00e1 ko\u017eenkou dod\u00e1va stoli\u010dke na jednoduch\u0161ej \u00fadr\u017ebe. Mo\u017enos\u0165 objedna\u0165 z viacer\u00fdch farebn\u00fdch variantov, ako napr\u00edklad: WHITE &#8211; biela \/ chr\u00f3m,\u00a0 GREY &#8211; siv\u00e1 \/ chr\u00f3m<\/p>\n<p><em><strong>V\u00fdber farby zvo\u013ete vo variantoch produktu.<\/strong><\/em><\/p>\n<p><strong>Materi\u00e1l<\/strong>:<br \/>\nko\u017eenka \/ chr\u00f3m<\/p>\n<p><strong>Rozmery<\/strong>:<br \/>\n\u0161\u00edrka: 45 cm<br \/>\nv\u00fd\u0161ka: 99 cm<br \/>\nh\u013abka: 58 cm<\/p>\n<p>\u0161\u00edrka sedu: 45 cm<br \/>\nv\u00fd\u0161ka sedu: 46 cm<br \/>\nh\u013abka sedu: 46 cm<\/p>\n<p><strong>Nosnos\u0165<\/strong>:<br \/>\n110 kg<\/p>\n<p>Dod\u00e1van\u00e1 v demonte<\/p>\n","protected":false},"excerpt":{"rendered":"<p>Jednoduch\u00e1, elegantn\u00e1 stoli\u010dka vhodn\u00e1 do ka\u017ed\u00e9ho interi\u00e9ru. Pon\u00faka mo\u017enos\u0165 sa na nej pohupova\u0165, \u010do sedenie na nej rob\u00ed jedine\u010dn\u00fdm a upokojuj\u00facim. Pochromovan\u00e1 kovov\u00e1 podno\u017e dod\u00e1va v\u00fdborn\u00fa stabilitu a vrchn\u00e1 \u010das\u0165 pokryt\u00e1 ko\u017eenkou dod\u00e1va stoli\u010dke na jednoduch\u0161ej \u00fadr\u017ebe. Mo\u017enos\u0165 objedna\u0165 z viacer\u00fdch farebn\u00fdch variantov, ako napr\u00edklad: WHITE &#8211; biela \/ chr\u00f3m,\u00a0 GREY &#8211; siv\u00e1 \/ chr\u00f3m&#8230;<\/p>\n","protected":false},"featured_media":124940,"comment_status":"closed","ping_status":"closed","template":"","meta":{"_seopress_robots_primary_cat":"none","_seopress_titles_title":"","_seopress_titles_desc":"","_seopress_robots_index":""},"product_brand":[],"product_cat":[239,237],"product_tag":[],"class_list":{"0":"post-97628","1":"product","2":"type-product","3":"status-publish","4":"has-post-thumbnail","6":"product_cat-kovove-stolicky","7":"product_cat-stolicky","9":"first","10":"onbackorder","11":"shipping-taxable","12":"purchasable","13":"product-type-variable"},"_links":{"self":[{"href":"https:\/\/nabytoklaguna.sk\/sk\/wp-json\/wp\/v2\/product\/97628","targetHints":{"allow":["GET"]}}],"collection":[{"href":"https:\/\/nabytoklaguna.sk\/sk\/wp-json\/wp\/v2\/product"}],"about":[{"href":"https:\/\/nabytoklaguna.sk\/sk\/wp-json\/wp\/v2\/types\/product"}],"replies":[{"embeddable":true,"href":"https:\/\/nabytoklaguna.sk\/sk\/wp-json\/wp\/v2\/comments?post=97628"}],"wp:featuredmedia":[{"embeddable":true,"href":"https:\/\/nabytoklaguna.sk\/sk\/wp-json\/wp\/v2\/media\/124940"}],"wp:attachment":[{"href":"https:\/\/nabytoklaguna.sk\/sk\/wp-json\/wp\/v2\/media?parent=97628"}],"wp:term":[{"taxonomy":"product_brand","embeddable":true,"href":"https:\/\/nabytoklaguna.sk\/sk\/wp-json\/wp\/v2\/product_brand?post=97628"},{"taxonomy":"product_cat","embeddable":true,"href":"https:\/\/nabytoklaguna.sk\/sk\/wp-json\/wp\/v2\/product_cat?post=97628"},{"taxonomy":"product_tag","embeddable":true,"href":"https:\/\/nabytoklaguna.sk\/sk\/wp-json\/wp\/v2\/product_tag?post=97628"}],"curies":[{"name":"wp","href":"https:\/\/api.w.org\/{rel}","templated":true}]}}