{"id":98386,"date":"2021-04-26T12:03:08","date_gmt":"2021-04-26T10:03:08","guid":{"rendered":"https:\/\/nabytoklaguna.sk\/sk\/?post_type=product&#038;p=98386"},"modified":"2025-09-11T14:02:02","modified_gmt":"2025-09-11T12:02:02","slug":"k-fidel","status":"publish","type":"product","link":"https:\/\/nabytoklaguna.sk\/sk\/produkt\/k-fidel\/","title":{"rendered":"K FIDEL"},"content":{"rendered":"<p><strong>Modern\u00fd a jedine\u010dn\u00fd\u00a0 sektorov\u00fd syst\u00e9m FIDEL<\/strong> je vhodn\u00fd na zariadenie ob\u00fdvac\u00edch iziebm jed\u00e1lni \u010di sp\u00e1lni. Cel\u00fd sektor je vyroben\u00fd z kvalitnej <strong>laminovanej DTD, dvierka z MDF<\/strong>. Farebn\u00e9 prevedenie dub craft zlat\u00fd \/grafit siv\u00fd je tou spr\u00e1vnou vo\u013ebou. Mo\u017enos\u0165 doobjedna\u0165<strong> LED osvetlenie za pr\u00edplaok<\/strong><\/p>\n<p><strong>Rozmery jednotliv\u00fdch komponentov (\u0160xHxV)<\/strong><\/p>\n<p>Vitr\u00edna \u013eav\u00e1 A1(\u0160xHxV): 54,7x42x200,5cm, Led osvetlenie za pr\u00edpatok<br \/>\nVitr\u00edna prav\u00e1 A2(\u0160xHxV):54,7x42x200,5cm, Led osvetlenie za pr\u00edplatok<br \/>\nVitr\u00edna C (\u0160xHxV): 95x42x159,5cm, Led osvetlenie za pr\u00edplatok<br \/>\nPolicov\u00e1 skri\u0148a I (\u0160xHxV): 95x42x159,5cm<br \/>\nKomoda E (\u0160xHxV): 135x42x91cm<br \/>\nKomoda G (\u0160xHxV): 95x42x91cm<br \/>\nPolica U (\u0160xHxV): 90x25x33,2cm<br \/>\nPolica D (\u0160xHxV): 135x25x33,2 cm<br \/>\nRTV stol\u00edk J(\u0160xHxV)_ 135,2x42x54,5cm<br \/>\nRTV stol\u00edk B (\u0160xHxV):135,2x42x54,5cm<br \/>\nVitr\u00edna H (\u0160xHxV): 90x42x200,5cm. Led osvetlenie za pr\u00edplatok<br \/>\nReg\u00e1l otovren\u00fd \u013eav\u00fd R1(\u0160xHxV): 54,7x42x200,5cm<br \/>\nReg\u00e1l otovren\u00fd prav\u00fd R(\u0160xHxV): 54,7x42x200,5cm<br \/>\nPolicov\u00e1 skri\u0148a \u013eav\u00e1 V1(\u0160xHxV): 54,7x42x200,5cm<br \/>\nPolicov\u00e1 skri\u0148a prav\u00e1 V2(\u0160xHxV):54,7x42x200,5cm<br \/>\nKonferen\u010dn\u00fd stol\u00edk T(\u0160xHxV): 90x70x40,5cm<\/p>\n","protected":false},"excerpt":{"rendered":"<p>Modern\u00fd a jedine\u010dn\u00fd\u00a0 sektorov\u00fd syst\u00e9m FIDEL je vhodn\u00fd na zariadenie ob\u00fdvac\u00edch iziebm jed\u00e1lni \u010di sp\u00e1lni. Cel\u00fd sektor je vyroben\u00fd z kvalitnej laminovanej DTD, dvierka z MDF. Farebn\u00e9 prevedenie dub craft zlat\u00fd \/grafit siv\u00fd je tou spr\u00e1vnou vo\u013ebou. Mo\u017enos\u0165 doobjedna\u0165 LED osvetlenie za pr\u00edplaok Rozmery jednotliv\u00fdch komponentov (\u0160xHxV) Vitr\u00edna \u013eav\u00e1 A1(\u0160xHxV): 54,7x42x200,5cm, Led osvetlenie za pr\u00edpatok&#8230;<\/p>\n","protected":false},"featured_media":98427,"comment_status":"closed","ping_status":"closed","template":"","meta":{"_seopress_robots_primary_cat":"none","_seopress_titles_title":"","_seopress_titles_desc":"","_seopress_robots_index":""},"product_brand":[],"product_cat":[182,183],"product_tag":[],"class_list":{"0":"post-98386","1":"product","2":"type-product","3":"status-publish","4":"has-post-thumbnail","6":"product_cat-obyvacie-steny","7":"product_cat-sektorove-obyvacie-steny","8":"pa_typ-produktu-komoda-e","9":"pa_typ-produktu-komoda-g","10":"pa_typ-produktu-konferencny-stolik-t","11":"pa_typ-produktu-polica-d","12":"pa_typ-produktu-polica-u","13":"pa_typ-produktu-policova-skrina-i","14":"pa_typ-produktu-policova-skrina-lava-v1","15":"pa_typ-produktu-policova-skrina-prava-v2","16":"pa_typ-produktu-regal-otovreny-lavy-r1","17":"pa_typ-produktu-regal-otvoreny-pravy-r2","18":"pa_typ-produktu-rtv-stolik-b","19":"pa_typ-produktu-rtv-stolik-j","20":"pa_typ-produktu-vitrina-c","21":"pa_typ-produktu-vitrina-h","22":"pa_typ-produktu-vitrina-lava-a1","23":"pa_typ-produktu-vitrina-prava-a2","25":"first","26":"onbackorder","27":"shipping-taxable","28":"purchasable","29":"product-type-variable"},"_links":{"self":[{"href":"https:\/\/nabytoklaguna.sk\/sk\/wp-json\/wp\/v2\/product\/98386","targetHints":{"allow":["GET"]}}],"collection":[{"href":"https:\/\/nabytoklaguna.sk\/sk\/wp-json\/wp\/v2\/product"}],"about":[{"href":"https:\/\/nabytoklaguna.sk\/sk\/wp-json\/wp\/v2\/types\/product"}],"replies":[{"embeddable":true,"href":"https:\/\/nabytoklaguna.sk\/sk\/wp-json\/wp\/v2\/comments?post=98386"}],"wp:featuredmedia":[{"embeddable":true,"href":"https:\/\/nabytoklaguna.sk\/sk\/wp-json\/wp\/v2\/media\/98427"}],"wp:attachment":[{"href":"https:\/\/nabytoklaguna.sk\/sk\/wp-json\/wp\/v2\/media?parent=98386"}],"wp:term":[{"taxonomy":"product_brand","embeddable":true,"href":"https:\/\/nabytoklaguna.sk\/sk\/wp-json\/wp\/v2\/product_brand?post=98386"},{"taxonomy":"product_cat","embeddable":true,"href":"https:\/\/nabytoklaguna.sk\/sk\/wp-json\/wp\/v2\/product_cat?post=98386"},{"taxonomy":"product_tag","embeddable":true,"href":"https:\/\/nabytoklaguna.sk\/sk\/wp-json\/wp\/v2\/product_tag?post=98386"}],"curies":[{"name":"wp","href":"https:\/\/api.w.org\/{rel}","templated":true}]}}