{"id":98428,"date":"2021-04-26T12:30:27","date_gmt":"2021-04-26T10:30:27","guid":{"rendered":"https:\/\/nabytoklaguna.sk\/sk\/?post_type=product&#038;p=98428"},"modified":"2025-09-11T12:24:49","modified_gmt":"2025-09-11T10:24:49","slug":"tempo-kondela-fidel-spalna","status":"publish","type":"product","link":"https:\/\/nabytoklaguna.sk\/sk\/produkt\/tempo-kondela-fidel-spalna\/","title":{"rendered":"K FIDEL sp\u00e1l\u0148a"},"content":{"rendered":"<p>Modern\u00fd a jedine\u010dn\u00fd\u00a0 sektorov\u00fd syst\u00e9m <strong>FIDEL<\/strong> je vhodn\u00fd na zariadenie ob\u00fdvac\u00edch izieb, jed\u00e1lni \u010di sp\u00e1lni. Cel\u00fd sektor je vyroben\u00fd z kvalitnej laminovanej DTD, dvierka z MDF. Farebn\u00e9 prevedenie dub craft zlat\u00fd \/grafit siv\u00fd je tou spr\u00e1vnou vo\u013ebou.<\/p>\n<p>Rozmery jednotliv\u00fdch komponentov (\u0160xHxV)<\/p>\n<p>Poste\u013e 160 Z2 (\u0160xHxV): 166,8&#215;207,8x52cm, bez ro\u0161tu a matraca<br \/>\nNo\u010dn\u00fd stol\u00edk X1, X2 (\u0160xHxV): 54,6x42x54,5cm<br \/>\nVe\u0161iakov\u00e1 skri\u0148a s policou Q(\u0160xHxV): 95x58x200,5cm<br \/>\nVe\u0161iakov\u00e1 skir\u0148a 3D\u00a0 s policami F(\u0160xHxV): 135,2x58x200,5cm<br \/>\nKomoda E (\u0160xHxV): 135x42x91cm<br \/>\nKomoda G (\u0160xHxV): 95x42x91cm<\/p>\n","protected":false},"excerpt":{"rendered":"<p>Modern\u00fd a jedine\u010dn\u00fd\u00a0 sektorov\u00fd syst\u00e9m FIDEL je vhodn\u00fd na zariadenie ob\u00fdvac\u00edch izieb, jed\u00e1lni \u010di sp\u00e1lni. Cel\u00fd sektor je vyroben\u00fd z kvalitnej laminovanej DTD, dvierka z MDF. Farebn\u00e9 prevedenie dub craft zlat\u00fd \/grafit siv\u00fd je tou spr\u00e1vnou vo\u013ebou. Rozmery jednotliv\u00fdch komponentov (\u0160xHxV) Poste\u013e 160 Z2 (\u0160xHxV): 166,8&#215;207,8x52cm, bez ro\u0161tu a matraca No\u010dn\u00fd stol\u00edk X1, X2 (\u0160xHxV):&#8230;<\/p>\n","protected":false},"featured_media":98430,"comment_status":"closed","ping_status":"closed","template":"","meta":{"_seopress_robots_primary_cat":"none","_seopress_titles_title":"","_seopress_titles_desc":"","_seopress_robots_index":""},"product_brand":[],"product_cat":[224],"product_tag":[],"class_list":{"0":"post-98428","1":"product","2":"type-product","3":"status-publish","4":"has-post-thumbnail","6":"product_cat-nocne-stoliky","7":"pa_typ-produktu-komoda-e","8":"pa_typ-produktu-komoda-g","9":"pa_typ-produktu-nocny-stolik-x1-lava","10":"pa_typ-produktu-nocny-stolik-x2-prava","11":"pa_typ-produktu-postel-160-z2","12":"pa_typ-produktu-vesiakova-skrina-3d-s-policami-f","13":"pa_typ-produktu-vesiakova-skrina-s-policou-q","15":"first","16":"onbackorder","17":"shipping-taxable","18":"purchasable","19":"product-type-variable"},"_links":{"self":[{"href":"https:\/\/nabytoklaguna.sk\/sk\/wp-json\/wp\/v2\/product\/98428","targetHints":{"allow":["GET"]}}],"collection":[{"href":"https:\/\/nabytoklaguna.sk\/sk\/wp-json\/wp\/v2\/product"}],"about":[{"href":"https:\/\/nabytoklaguna.sk\/sk\/wp-json\/wp\/v2\/types\/product"}],"replies":[{"embeddable":true,"href":"https:\/\/nabytoklaguna.sk\/sk\/wp-json\/wp\/v2\/comments?post=98428"}],"wp:featuredmedia":[{"embeddable":true,"href":"https:\/\/nabytoklaguna.sk\/sk\/wp-json\/wp\/v2\/media\/98430"}],"wp:attachment":[{"href":"https:\/\/nabytoklaguna.sk\/sk\/wp-json\/wp\/v2\/media?parent=98428"}],"wp:term":[{"taxonomy":"product_brand","embeddable":true,"href":"https:\/\/nabytoklaguna.sk\/sk\/wp-json\/wp\/v2\/product_brand?post=98428"},{"taxonomy":"product_cat","embeddable":true,"href":"https:\/\/nabytoklaguna.sk\/sk\/wp-json\/wp\/v2\/product_cat?post=98428"},{"taxonomy":"product_tag","embeddable":true,"href":"https:\/\/nabytoklaguna.sk\/sk\/wp-json\/wp\/v2\/product_tag?post=98428"}],"curies":[{"name":"wp","href":"https:\/\/api.w.org\/{rel}","templated":true}]}}