{"id":98575,"date":"2021-04-27T11:16:33","date_gmt":"2021-04-27T09:16:33","guid":{"rendered":"https:\/\/nabytoklaguna.sk\/sk\/?post_type=product&#038;p=98575"},"modified":"2026-01-07T10:02:08","modified_gmt":"2026-01-07T09:02:08","slug":"k-city-spalna","status":"publish","type":"product","link":"https:\/\/nabytoklaguna.sk\/sk\/produkt\/k-city-spalna\/","title":{"rendered":"K CITY"},"content":{"rendered":"<p>Luxusn\u00fd n\u00e1bytok\u00a0 CITY, ktor\u00fd m\u00e1 modern\u00fd look a hod\u00ed sa do ka\u017ed\u00e9ho interi\u00e9ru. Zostava je vyroben\u00e1 z DTD laminovanej a ocen\u00edte aj ABS hrany. Dvierka sa otv\u00e1raj\u00fa dotykov\u00fdm syst\u00e9mom PUSH UP. Farebn\u00e1 kombin\u00e1ciu biela a\/dub grandson s biely leskom ur\u010dite ocen\u00edte.<\/p>\n<p>Rozmery jednotliv\u00fdch komponentov (\u0160xHxV):<\/p>\n<p>Poste\u013e 160&#215;200 s \u00falo\u017en\u00fdm priestorom bez matraca a ro\u0161tu:(\u0160xHxV): 164,4&#215;210,4&#215;104,5cm<br \/>\nNo\u010dn\u00fd stol\u00edk s LED osvetlen\u00edm v cena\u00a0(\u0160xHxV): 60x46x104,5, v cene 2 ks no\u010dn\u00fdch stol\u00edkov<br \/>\nSkri\u0148a so zrkadlom 220 (\u0160xHxV): 220x54x202,4cm, Led osvetlenie za pr\u00edpatok<br \/>\nKomoda D4S (\u0160xHxV): 138,2x40x90,5 cm<\/p>\n","protected":false},"excerpt":{"rendered":"<p>Luxusn\u00fd n\u00e1bytok\u00a0 CITY, ktor\u00fd m\u00e1 modern\u00fd look a hod\u00ed sa do ka\u017ed\u00e9ho interi\u00e9ru. Zostava je vyroben\u00e1 z DTD laminovanej a ocen\u00edte aj ABS hrany. Dvierka sa otv\u00e1raj\u00fa dotykov\u00fdm syst\u00e9mom PUSH UP. Farebn\u00e1 kombin\u00e1ciu biela a\/dub grandson s biely leskom ur\u010dite ocen\u00edte. Rozmery jednotliv\u00fdch komponentov (\u0160xHxV): Poste\u013e 160&#215;200 s \u00falo\u017en\u00fdm priestorom bez matraca a ro\u0161tu:(\u0160xHxV): 164,4&#215;210,4&#215;104,5cm&#8230;<\/p>\n","protected":false},"featured_media":98578,"comment_status":"closed","ping_status":"closed","template":"","meta":{"_seopress_robots_primary_cat":"none","_seopress_titles_title":"","_seopress_titles_desc":"","_seopress_robots_index":""},"product_brand":[],"product_cat":[223],"product_tag":[],"class_list":{"0":"post-98575","1":"product","2":"type-product","3":"status-publish","4":"has-post-thumbnail","6":"product_cat-spalne","7":"pa_typ-produktu-komoda-d4s","8":"pa_typ-produktu-nocny-stolik-2ks","9":"pa_typ-produktu-postel-160x200-cm","10":"pa_typ-produktu-skrina-so-zrkadlom-220","12":"first","13":"onbackorder","14":"shipping-taxable","15":"purchasable","16":"product-type-variable"},"_links":{"self":[{"href":"https:\/\/nabytoklaguna.sk\/sk\/wp-json\/wp\/v2\/product\/98575","targetHints":{"allow":["GET"]}}],"collection":[{"href":"https:\/\/nabytoklaguna.sk\/sk\/wp-json\/wp\/v2\/product"}],"about":[{"href":"https:\/\/nabytoklaguna.sk\/sk\/wp-json\/wp\/v2\/types\/product"}],"replies":[{"embeddable":true,"href":"https:\/\/nabytoklaguna.sk\/sk\/wp-json\/wp\/v2\/comments?post=98575"}],"wp:featuredmedia":[{"embeddable":true,"href":"https:\/\/nabytoklaguna.sk\/sk\/wp-json\/wp\/v2\/media\/98578"}],"wp:attachment":[{"href":"https:\/\/nabytoklaguna.sk\/sk\/wp-json\/wp\/v2\/media?parent=98575"}],"wp:term":[{"taxonomy":"product_brand","embeddable":true,"href":"https:\/\/nabytoklaguna.sk\/sk\/wp-json\/wp\/v2\/product_brand?post=98575"},{"taxonomy":"product_cat","embeddable":true,"href":"https:\/\/nabytoklaguna.sk\/sk\/wp-json\/wp\/v2\/product_cat?post=98575"},{"taxonomy":"product_tag","embeddable":true,"href":"https:\/\/nabytoklaguna.sk\/sk\/wp-json\/wp\/v2\/product_tag?post=98575"}],"curies":[{"name":"wp","href":"https:\/\/api.w.org\/{rel}","templated":true}]}}