{"id":98657,"date":"2021-04-27T14:04:24","date_gmt":"2021-04-27T12:04:24","guid":{"rendered":"https:\/\/nabytoklaguna.sk\/sk\/?post_type=product&#038;p=98657"},"modified":"2025-02-06T11:02:58","modified_gmt":"2025-02-06T10:02:58","slug":"tempo-kondela-hilard","status":"publish","type":"product","link":"https:\/\/nabytoklaguna.sk\/sk\/produkt\/tempo-kondela-hilard\/","title":{"rendered":"K HILARD"},"content":{"rendered":"<p>Elegantn\u00fd sektorov\u00fd n\u00e1bytok HILARD V\u00e1s dostane na prv\u00fd poh\u013ead. Vyroben\u00fd je z kvalitnej laminovanej DTD, s hr\u00fabkou a\u017e 5 cm a tak p\u00f4sob\u00ed mas\u00edvne. V\u00fdhodou s\u00fa ABS hrany, ktor\u00e9 predl\u017euj\u00fa \u017eivotnos\u0165 n\u00e1bytku. Ok\u00fazli V\u00e1s 3D efekt, ktor\u00fd zv\u00fdrazn\u00ed kresbu dreva. Tento sektor je ve\u013emi kvalitn\u00e1, stabiln\u00fd a trv\u00e1cny, nev\u00e1hajte a vyskladajte si ob\u00fdva\u010dku pod\u013ea Va\u0161ich predst\u00e1v. Dodajte tomuto sektoru ten spr\u00e1vny \u0161mrnc a doobjednajte si LED osvetlenie s bielym podfarben\u00edm do sklen\u00fdch vitr\u00edn AR2 a AR3. Cena led osvetlenia 49 EUR. Farebn\u00e9 prevedenie:dub stirling<\/p>\n<p>Rozmery jednotliv\u00fdch komponentov (\u0160xHxV):<\/p>\n<p>Skri\u0148a ve\u0161iakov\u00e1\u00a0 AR1 (\u0160xHxV): 98x53x198cm<br \/>\nVitr\u00edna AR2 (\u0160xHxV):68x39x198cm<br \/>\nVitr\u00edna AR3 (\u0160xHxV):113x44x165cm<br \/>\nKomoda AR5 (\u0160xHxV):153x44x88cm<br \/>\nKomoda AR6 (\u0160xHxV):123x44x88cm<br \/>\nKomoda AR8 (\u0160xHxV):173x44x125cm<br \/>\nRTV stol\u00edk AR9 (\u0160xHxV):143x44x53cm<br \/>\nPolica AR10 (\u0160xHxV):140x27x36cm<br \/>\nKonferen\u010dn\u00fd stol\u00edk AR11 (\u0160xHxV): 120x63x54 cm<br \/>\nKomoda AR13 (\u0160xHxV): 93x44x88cm<\/p>\n<p>&nbsp;<\/p>\n","protected":false},"excerpt":{"rendered":"<p>Elegantn\u00fd sektorov\u00fd n\u00e1bytok HILARD V\u00e1s dostane na prv\u00fd poh\u013ead. Vyroben\u00fd je z kvalitnej laminovanej DTD, s hr\u00fabkou a\u017e 5 cm a tak p\u00f4sob\u00ed mas\u00edvne. V\u00fdhodou s\u00fa ABS hrany, ktor\u00e9 predl\u017euj\u00fa \u017eivotnos\u0165 n\u00e1bytku. Ok\u00fazli V\u00e1s 3D efekt, ktor\u00fd zv\u00fdrazn\u00ed kresbu dreva. Tento sektor je ve\u013emi kvalitn\u00e1, stabiln\u00fd a trv\u00e1cny, nev\u00e1hajte a vyskladajte si ob\u00fdva\u010dku pod\u013ea Va\u0161ich&#8230;<\/p>\n","protected":false},"featured_media":98659,"comment_status":"closed","ping_status":"closed","template":"","meta":{"_seopress_robots_primary_cat":"none","_seopress_titles_title":"","_seopress_titles_desc":"","_seopress_robots_index":""},"product_brand":[],"product_cat":[182,183],"product_tag":[],"class_list":{"0":"post-98657","1":"product","2":"type-product","3":"status-publish","4":"has-post-thumbnail","6":"product_cat-obyvacie-steny","7":"product_cat-sektorove-obyvacie-steny","8":"pa_typ-produktu-komoda-ar13","9":"pa_typ-produktu-komoda-ar5","10":"pa_typ-produktu-komoda-ar6","11":"pa_typ-produktu-komoda-ar8","12":"pa_typ-produktu-konferencny-stolik-ar11","13":"pa_typ-produktu-rtv-stolik-ar9","14":"pa_typ-produktu-skrina-ar1","15":"pa_typ-produktu-vitrina-ar2","16":"pa_typ-produktu-vitrina-ar3","17":"pa_typ-produktu-polica-ar10","19":"first","20":"onbackorder","21":"shipping-taxable","22":"purchasable","23":"product-type-variable"},"_links":{"self":[{"href":"https:\/\/nabytoklaguna.sk\/sk\/wp-json\/wp\/v2\/product\/98657","targetHints":{"allow":["GET"]}}],"collection":[{"href":"https:\/\/nabytoklaguna.sk\/sk\/wp-json\/wp\/v2\/product"}],"about":[{"href":"https:\/\/nabytoklaguna.sk\/sk\/wp-json\/wp\/v2\/types\/product"}],"replies":[{"embeddable":true,"href":"https:\/\/nabytoklaguna.sk\/sk\/wp-json\/wp\/v2\/comments?post=98657"}],"wp:featuredmedia":[{"embeddable":true,"href":"https:\/\/nabytoklaguna.sk\/sk\/wp-json\/wp\/v2\/media\/98659"}],"wp:attachment":[{"href":"https:\/\/nabytoklaguna.sk\/sk\/wp-json\/wp\/v2\/media?parent=98657"}],"wp:term":[{"taxonomy":"product_brand","embeddable":true,"href":"https:\/\/nabytoklaguna.sk\/sk\/wp-json\/wp\/v2\/product_brand?post=98657"},{"taxonomy":"product_cat","embeddable":true,"href":"https:\/\/nabytoklaguna.sk\/sk\/wp-json\/wp\/v2\/product_cat?post=98657"},{"taxonomy":"product_tag","embeddable":true,"href":"https:\/\/nabytoklaguna.sk\/sk\/wp-json\/wp\/v2\/product_tag?post=98657"}],"curies":[{"name":"wp","href":"https:\/\/api.w.org\/{rel}","templated":true}]}}