{"id":98681,"date":"2021-04-27T14:47:21","date_gmt":"2021-04-27T12:47:21","guid":{"rendered":"https:\/\/nabytoklaguna.sk\/sk\/?post_type=product&#038;p=98681"},"modified":"2025-04-08T12:13:08","modified_gmt":"2025-04-08T10:13:08","slug":"tempo-kondela-siran","status":"publish","type":"product","link":"https:\/\/nabytoklaguna.sk\/sk\/produkt\/tempo-kondela-siran\/","title":{"rendered":"K SIRAN"},"content":{"rendered":"<p><strong>Praktick\u00fd a jednoduch\u00fd sektor SIRAN<\/strong> si n\u00e1jde miesto v modernej \u010di tradi\u010dnej dom\u00e1cnosti. P\u00f4sob\u00ed elegantn\u00fdm a zauj\u00edmav\u00fdm vzh\u013eadom. Sektor je vyroben\u00fd z kvalitnej <strong>laminovanej DTD<\/strong>, pote\u0161ia V\u00e1s <strong>ABS hrany<\/strong> na dvierkach a vrchn\u00fdch pl\u00e1toch sektoru, ktor\u00e9 predl\u017euj\u00fa \u017eivotnos\u0165 sektoru. Farebn\u00e9 prevedenie <strong>dub lefkas v kombin\u00e1cii s \u010diernou<\/strong> je dokonal\u00e9. Vyskladajte si ob\u00fdva\u010dku pod\u013ea Va\u0161\u00edch predst\u00e1v so sektorom<strong> SIRAN<\/strong>. Dok\u00fapte si <strong>LED osvetlenie<\/strong> do vitr\u00edny TYP 2, kombinovane komody TYP 3 a komody TYP 4 , \u010d\u00edm bude tento sektor \u0161t\u00fdlovej\u0161\u00ed.<\/p>\n<p><strong>Rozmer jednotliv\u00fdch komponentov (\u0160xHxV):<\/strong><\/p>\n<p>TYP 1 skri\u0148a ve\u0161iakov\u00e1 s 1 policou (\u0160xHxV): 81x55x191cm, mo\u017enos\u0165 dok\u00fapi\u0165 police 3ks za cenu 30 Eur<br \/>\nTYP 2 vitr\u00edna (\u0160xHxV): 61x40x191cm, Led za pr\u00edplatok 28 EUR<br \/>\nTYP 3 kombinovan\u00e1 komoda (\u0160xHxV):131x40x131cm, Led za pr\u00edplatok 52 EUR<br \/>\nTYP 4 komoda (\u0160xHxV):101x40x121cm, Led za pr\u00edplatok 22 EUR<br \/>\nTYP 5 komoda (\u0160xHxV):181x40x84cm<br \/>\nTYP 6 RTV stol\u00edk (\u0160xHxV):181x40x50cm<br \/>\nTYP 7 RTV stol\u00edk (\u0160xHxV):121x40x50 cm<br \/>\nTYP 8 konferen\u010dn\u00fd stol\u00edk\u00a0 (\u0160xHxV):101x61x40 cm<br \/>\nTYP 9 Z\u00e1vesn\u00e1 vitr\u00edna (\u0160xHxV):121x30x45cm, Led za pr\u00edplatok 28 EUR<br \/>\nTYP 10 polica (\u0160xHxV):120x18x20cm<\/p>\n<p>&nbsp;<\/p>\n<p>&nbsp;<\/p>\n","protected":false},"excerpt":{"rendered":"<p>Praktick\u00fd a jednoduch\u00fd sektor SIRAN si n\u00e1jde miesto v modernej \u010di tradi\u010dnej dom\u00e1cnosti. P\u00f4sob\u00ed elegantn\u00fdm a zauj\u00edmav\u00fdm vzh\u013eadom. Sektor je vyroben\u00fd z kvalitnej laminovanej DTD, pote\u0161ia V\u00e1s ABS hrany na dvierkach a vrchn\u00fdch pl\u00e1toch sektoru, ktor\u00e9 predl\u017euj\u00fa \u017eivotnos\u0165 sektoru. Farebn\u00e9 prevedenie dub lefkas v kombin\u00e1cii s \u010diernou je dokonal\u00e9. Vyskladajte si ob\u00fdva\u010dku pod\u013ea Va\u0161\u00edch predst\u00e1v&#8230;<\/p>\n","protected":false},"featured_media":98683,"comment_status":"closed","ping_status":"closed","template":"","meta":{"_seopress_robots_primary_cat":"none","_seopress_titles_title":"","_seopress_titles_desc":"","_seopress_robots_index":""},"product_brand":[],"product_cat":[182,183],"product_tag":[],"class_list":{"0":"post-98681","1":"product","2":"type-product","3":"status-publish","4":"has-post-thumbnail","6":"product_cat-obyvacie-steny","7":"product_cat-sektorove-obyvacie-steny","8":"pa_typ-produktu-kombinovana-komoda-typ3","9":"pa_typ-produktu-komoda-typ4","10":"pa_typ-produktu-komoda-typ5","11":"pa_typ-produktu-konferencny-stolik-typ8","12":"pa_typ-produktu-polica-typ10","13":"pa_typ-produktu-police-3ks","14":"pa_typ-produktu-rtv-stolik-typ6","15":"pa_typ-produktu-rtv-stolik-typ7","16":"pa_typ-produktu-skrina-typ1","17":"pa_typ-produktu-vitrina-typ2","18":"pa_typ-produktu-zavesna-vitrina-typ9","20":"first","21":"onbackorder","22":"shipping-taxable","23":"purchasable","24":"product-type-variable"},"_links":{"self":[{"href":"https:\/\/nabytoklaguna.sk\/sk\/wp-json\/wp\/v2\/product\/98681","targetHints":{"allow":["GET"]}}],"collection":[{"href":"https:\/\/nabytoklaguna.sk\/sk\/wp-json\/wp\/v2\/product"}],"about":[{"href":"https:\/\/nabytoklaguna.sk\/sk\/wp-json\/wp\/v2\/types\/product"}],"replies":[{"embeddable":true,"href":"https:\/\/nabytoklaguna.sk\/sk\/wp-json\/wp\/v2\/comments?post=98681"}],"wp:featuredmedia":[{"embeddable":true,"href":"https:\/\/nabytoklaguna.sk\/sk\/wp-json\/wp\/v2\/media\/98683"}],"wp:attachment":[{"href":"https:\/\/nabytoklaguna.sk\/sk\/wp-json\/wp\/v2\/media?parent=98681"}],"wp:term":[{"taxonomy":"product_brand","embeddable":true,"href":"https:\/\/nabytoklaguna.sk\/sk\/wp-json\/wp\/v2\/product_brand?post=98681"},{"taxonomy":"product_cat","embeddable":true,"href":"https:\/\/nabytoklaguna.sk\/sk\/wp-json\/wp\/v2\/product_cat?post=98681"},{"taxonomy":"product_tag","embeddable":true,"href":"https:\/\/nabytoklaguna.sk\/sk\/wp-json\/wp\/v2\/product_tag?post=98681"}],"curies":[{"name":"wp","href":"https:\/\/api.w.org\/{rel}","templated":true}]}}