{"id":98724,"date":"2021-04-27T16:48:47","date_gmt":"2021-04-27T14:48:47","guid":{"rendered":"https:\/\/nabytoklaguna.sk\/sk\/?post_type=product&#038;p=98724"},"modified":"2025-04-08T12:01:21","modified_gmt":"2025-04-08T10:01:21","slug":"tempo-kondela-jolk","status":"publish","type":"product","link":"https:\/\/nabytoklaguna.sk\/sk\/produkt\/tempo-kondela-jolk\/","title":{"rendered":"K JOLK"},"content":{"rendered":"<p>Potrebujete zariadi\u0165 ob\u00fdva\u010dku ale e\u0161te nem\u00e1te vybran\u00fd n\u00e1bytok? Tak V\u00e1m pon\u00fakame<strong> sektor JOLK<\/strong>, s ktor\u00fdm jednoducho a r\u00fdchlo zariadite svoju ob\u00fdvaciu izbu. Tento sektoe je vyroben\u00fd z kvalitnej laminovanej DTD a <strong>dvierka s\u00fa z MDF<\/strong>. Korpus je biely a dvierka s\u00fa v bielom <strong>extra<\/strong> <strong>vysokom lesku HG<\/strong>. Biela je neutr\u00e1lna a tak ur\u010dite zapadne ku ak\u00e9muko\u013evek n\u00e1bytku. V\u010faka tomuto sektoru bude Va\u0161a ob\u00fdva\u010dka p\u00f4sobi\u0165 prakticky, n\u00e1padito a hlavne vkusne.<strong> Sektor JOLK<\/strong> obsahuje nieko\u013eko kusov n\u00e1bytku a preto s nim m\u00f4\u017eete zariadi\u0165 v\u00e4\u010d\u0161iu \u010di men\u0161iu ob\u00fdvaciu miestnos\u0165<\/p>\n<p><strong>Rozmery jednotliv\u00fdch komponentov (\u0160xHxV):<\/strong><\/p>\n<p>Ve\u0161iakov\u00e1 skri\u0148a s policami 4D (\u0160xHxV): 90x55x190cm<br \/>\nPolicov\u00e1 skri\u0148a 2D (\u0160xHxV):50x42x190 cm<br \/>\nVitr\u00edna 1D1W (\u0160xHxV):50x42x190 cm, Led za pr\u00edplatok 14 Eur<br \/>\nVitr\u00edna 2D2W (\u0160xHxV): 90x42x148,5cm, Led za pr\u00edplatok 14 EUR<br \/>\nKomoda 3D3S (\u0160xHxV):135x42x89cm<br \/>\nKomoda 2D2S (\u0160xHxV):90x42x89cm<br \/>\nRTV stol\u00edk 6S\/140 (\u0160xHxV):140x45x43,5cm<br \/>\nPolica 140 (\u0160xHxV):140x23x30cm<br \/>\nPolica 90 (\u0160xHxV):90x23x30 cm<br \/>\nKonferen\u010dn\u00fd stol\u00edk 120 (\u0160xHxV):120x60x50cm<\/p>\n","protected":false},"excerpt":{"rendered":"<p>Potrebujete zariadi\u0165 ob\u00fdva\u010dku ale e\u0161te nem\u00e1te vybran\u00fd n\u00e1bytok? Tak V\u00e1m pon\u00fakame sektor JOLK, s ktor\u00fdm jednoducho a r\u00fdchlo zariadite svoju ob\u00fdvaciu izbu. Tento sektoe je vyroben\u00fd z kvalitnej laminovanej DTD a dvierka s\u00fa z MDF. Korpus je biely a dvierka s\u00fa v bielom extra vysokom lesku HG. Biela je neutr\u00e1lna a tak ur\u010dite zapadne ku&#8230;<\/p>\n","protected":false},"featured_media":98726,"comment_status":"closed","ping_status":"closed","template":"","meta":{"_seopress_robots_primary_cat":"none","_seopress_titles_title":"","_seopress_titles_desc":"","_seopress_robots_index":""},"product_brand":[],"product_cat":[182,183],"product_tag":[],"class_list":{"0":"post-98724","1":"product","2":"type-product","3":"status-publish","4":"has-post-thumbnail","6":"product_cat-obyvacie-steny","7":"product_cat-sektorove-obyvacie-steny","8":"pa_typ-produktu-komoda-3d3s","9":"pa_typ-produktu-polica-140","10":"pa_typ-produktu-polica-90","11":"pa_typ-produktu-policova-skrina-2d","12":"pa_typ-produktu-rtv-stolik-6s-140","13":"pa_typ-produktu-vesiakova-skrina-s-policami-4d","14":"pa_typ-produktu-vitrina-2d2w","15":"pa_typ-produktu-komoda-2d2s","16":"pa_typ-produktu-konferencny-stolik-120","17":"pa_typ-produktu-vitrina-1d1w","19":"first","20":"onbackorder","21":"shipping-taxable","22":"purchasable","23":"product-type-variable"},"_links":{"self":[{"href":"https:\/\/nabytoklaguna.sk\/sk\/wp-json\/wp\/v2\/product\/98724","targetHints":{"allow":["GET"]}}],"collection":[{"href":"https:\/\/nabytoklaguna.sk\/sk\/wp-json\/wp\/v2\/product"}],"about":[{"href":"https:\/\/nabytoklaguna.sk\/sk\/wp-json\/wp\/v2\/types\/product"}],"replies":[{"embeddable":true,"href":"https:\/\/nabytoklaguna.sk\/sk\/wp-json\/wp\/v2\/comments?post=98724"}],"wp:featuredmedia":[{"embeddable":true,"href":"https:\/\/nabytoklaguna.sk\/sk\/wp-json\/wp\/v2\/media\/98726"}],"wp:attachment":[{"href":"https:\/\/nabytoklaguna.sk\/sk\/wp-json\/wp\/v2\/media?parent=98724"}],"wp:term":[{"taxonomy":"product_brand","embeddable":true,"href":"https:\/\/nabytoklaguna.sk\/sk\/wp-json\/wp\/v2\/product_brand?post=98724"},{"taxonomy":"product_cat","embeddable":true,"href":"https:\/\/nabytoklaguna.sk\/sk\/wp-json\/wp\/v2\/product_cat?post=98724"},{"taxonomy":"product_tag","embeddable":true,"href":"https:\/\/nabytoklaguna.sk\/sk\/wp-json\/wp\/v2\/product_tag?post=98724"}],"curies":[{"name":"wp","href":"https:\/\/api.w.org\/{rel}","templated":true}]}}