{"id":99910,"date":"2021-06-07T16:06:45","date_gmt":"2021-06-07T14:06:45","guid":{"rendered":"https:\/\/nabytoklaguna.sk\/sk\/?post_type=product&#038;p=99910"},"modified":"2026-04-24T10:41:46","modified_gmt":"2026-04-24T08:41:46","slug":"k-toniks","status":"publish","type":"product","link":"https:\/\/nabytoklaguna.sk\/sk\/produkt\/k-toniks\/","title":{"rendered":"K TONIKS"},"content":{"rendered":"<p>Ak potrebujete<strong> extra \u017eivotn\u00fd priestor<\/strong>, tak sedacia s\u00faprava <strong>TONIKS<\/strong> je vyroben\u00e1 priamo pre v\u00e1s. So <strong>\u0161\u00edrkou 300 cm<\/strong> zabezpe\u010d\u00ed dostatok miesta pre v\u0161etk\u00fdch \u010dlenov rodiny a priate\u013eov. Je vybaven\u00e1 s <strong>funkciou rozkladu<\/strong>, ktor\u00e1 vytvor\u00ed plochu na spanie s rozmerom 150&#215;240 cm, na ktorej sa pohodlne vyspia aj dvaja \u013eudia n\u00e1ro\u010dn\u00fd na priestor. Rozmern\u00fd <strong>\u00falo\u017en\u00fd priestor<\/strong> ocenia najm\u00e4 \u013eudia, ktor\u00ed potrebuj\u00fa zu\u017eitkova\u0165 ka\u017ed\u00fd centimeter svojho domu alebo bytu. <strong>TONIKS je univerz\u00e1lna<\/strong> a to v\u00e1m d\u00e1va mo\u017enos\u0165 zmontova\u0165 seda\u010dku s otomanom na pravej alebo \u013eavej strane.<\/p>\n<p>Mo\u017enos\u0165 individu\u00e1lnych objedn\u00e1vok sedacej s\u00fapravy v 4 farebn\u00fdch prevedeniach ekoko\u017ee v kombin\u00e1ci\u00ed s 4 farebn\u00fdmi prevedeniami l\u00e1tky Berlin v cene 969 \u20ac.Doba dodania je 6-8 t\u00fd\u017ed\u0148ov<\/p>\n<h3 class=\"page-product-heading\">VLASTNOSTI<\/h3>\n<table class=\"table-data-sheet\">\n<tbody>\n<tr class=\"odd\">\n<td>H\u013abka<\/td>\n<td>215 cm<\/td>\n<\/tr>\n<tr class=\"even\">\n<td>\u0160\u00edrka<\/td>\n<td>300 cm<\/td>\n<\/tr>\n<tr class=\"odd\">\n<td>V\u00fd\u0161ka<\/td>\n<td>73 cm<\/td>\n<\/tr>\n<tr class=\"even\">\n<td>Vhodn\u00e1 miestnos\u0165<\/td>\n<td>ob\u00fdva\u010dka, spolo\u010densk\u00e1 miestnos\u0165, hotely, kaviarne<\/td>\n<\/tr>\n<tr class=\"odd\">\n<td>Typ n\u00e1bytku<\/td>\n<td>rohov\u00e1 sedacia s\u00faprava<\/td>\n<\/tr>\n<tr class=\"even\">\n<td>\u0160t\u00fdl n\u00e1bytku<\/td>\n<td>modern\u00fd<\/td>\n<\/tr>\n<tr class=\"odd\">\n<td>Z\u00e1ruka<\/td>\n<td>2 roky<\/td>\n<\/tr>\n<tr class=\"even\">\n<td>Sp\u00f4sob dodania<\/td>\n<td>demont v dvoch bal\u00edkoch<\/td>\n<\/tr>\n<tr class=\"odd\">\n<td>Hmotnos\u0165<\/td>\n<td>115 kg<\/td>\n<\/tr>\n<tr class=\"even\">\n<td>\u00dalo\u017en\u00fd priestor<\/td>\n<td>\u00e1no<\/td>\n<\/tr>\n<tr class=\"odd\">\n<td>Rohov\u00e9 prevedenie<\/td>\n<td>\u00e1no<\/td>\n<\/tr>\n<tr class=\"even\">\n<td>V\u00fd\u0161ka sed\u00e1ka<\/td>\n<td>42 cm<\/td>\n<\/tr>\n<tr class=\"odd\">\n<td>V\u00fd\u0161ka zadn\u00e9ho \u010dela<\/td>\n<td>max. 73 cm<\/td>\n<\/tr>\n<tr class=\"even\">\n<td>Mo\u017enos\u0165 rozkladania<\/td>\n<td>\u00e1no<\/td>\n<\/tr>\n<tr class=\"odd\">\n<td>Plocha na spanie<\/td>\n<td>150\u00d7240 cm<\/td>\n<\/tr>\n<tr class=\"even\">\n<td>Kon\u0161trukcia<\/td>\n<td>DTD<\/td>\n<\/tr>\n<tr class=\"odd\">\n<td>N\u00f4\u017eky<\/td>\n<td>kov<\/td>\n<\/tr>\n<tr class=\"even\">\n<td>Obsahuje vank\u00fa\u0161e<\/td>\n<td>\u00e1no<\/td>\n<\/tr>\n<tr class=\"odd\">\n<td>Nastavenie opierok<\/td>\n<td>nie<\/td>\n<\/tr>\n<tr class=\"even\">\n<td>V\u00fdpl\u0148 seda\u010dky<\/td>\n<td>pena+ pru\u017eina<\/td>\n<\/tr>\n<\/tbody>\n<\/table>\n<p>&nbsp;<\/p>\n","protected":false},"excerpt":{"rendered":"<p>Ak potrebujete extra \u017eivotn\u00fd priestor, tak sedacia s\u00faprava TONIKS je vyroben\u00e1 priamo pre v\u00e1s. So \u0161\u00edrkou 300 cm zabezpe\u010d\u00ed dostatok miesta pre v\u0161etk\u00fdch \u010dlenov rodiny a priate\u013eov. Je vybaven\u00e1 s funkciou rozkladu, ktor\u00e1 vytvor\u00ed plochu na spanie s rozmerom 150&#215;240 cm, na ktorej sa pohodlne vyspia aj dvaja \u013eudia n\u00e1ro\u010dn\u00fd na priestor. Rozmern\u00fd \u00falo\u017en\u00fd priestor&#8230;<\/p>\n","protected":false},"featured_media":46370,"comment_status":"closed","ping_status":"closed","template":"","meta":{"_seopress_robots_primary_cat":"140","_seopress_titles_title":"","_seopress_titles_desc":"","_seopress_robots_index":""},"product_brand":[],"product_cat":[255,140],"product_tag":[],"class_list":{"0":"post-99910","1":"product","2":"type-product","3":"status-publish","4":"has-post-thumbnail","6":"product_cat-rohove-supravy","7":"product_cat-sedacie-supravy","9":"first","10":"onbackorder","11":"shipping-taxable","12":"purchasable","13":"product-type-variable"},"_links":{"self":[{"href":"https:\/\/nabytoklaguna.sk\/sk\/wp-json\/wp\/v2\/product\/99910","targetHints":{"allow":["GET"]}}],"collection":[{"href":"https:\/\/nabytoklaguna.sk\/sk\/wp-json\/wp\/v2\/product"}],"about":[{"href":"https:\/\/nabytoklaguna.sk\/sk\/wp-json\/wp\/v2\/types\/product"}],"replies":[{"embeddable":true,"href":"https:\/\/nabytoklaguna.sk\/sk\/wp-json\/wp\/v2\/comments?post=99910"}],"wp:featuredmedia":[{"embeddable":true,"href":"https:\/\/nabytoklaguna.sk\/sk\/wp-json\/wp\/v2\/media\/46370"}],"wp:attachment":[{"href":"https:\/\/nabytoklaguna.sk\/sk\/wp-json\/wp\/v2\/media?parent=99910"}],"wp:term":[{"taxonomy":"product_brand","embeddable":true,"href":"https:\/\/nabytoklaguna.sk\/sk\/wp-json\/wp\/v2\/product_brand?post=99910"},{"taxonomy":"product_cat","embeddable":true,"href":"https:\/\/nabytoklaguna.sk\/sk\/wp-json\/wp\/v2\/product_cat?post=99910"},{"taxonomy":"product_tag","embeddable":true,"href":"https:\/\/nabytoklaguna.sk\/sk\/wp-json\/wp\/v2\/product_tag?post=99910"}],"curies":[{"name":"wp","href":"https:\/\/api.w.org\/{rel}","templated":true}]}}